{"id":166,"date":"2016-01-13T05:43:33","date_gmt":"2016-01-13T05:43:33","guid":{"rendered":"http:\/\/wp-hill.wpdemoz1.com\/?page_id=166"},"modified":"2019-03-17T19:26:04","modified_gmt":"2019-03-17T19:26:04","slug":"historia","status":"publish","type":"page","link":"https:\/\/www.tecidosexclusivos.com\/portal\/historia\/","title":{"rendered":"A Nossa Historia"},"content":{"rendered":"<p>[vc_row][vc_column][vc_empty_space height=&#8221;100px&#8221;][\/vc_column][\/vc_row][vc_row][vc_column offset=&#8221;vc_col-lg-6&#8243;][vc_single_image image=&#8221;217&#8243; img_size=&#8221;full&#8221;][\/vc_column][vc_column offset=&#8221;vc_col-lg-6&#8243;][vc_column_text]<\/p>\n<h1 class=\"title-contact-info\">Sobre o Tecidos Exclusivos<\/h1>\n<p>A Tecidos Exclusivos \u00e9 uma uma empresa tradicional de comercializa\u00e7\u00e3o de tecidos que busca oferecer ao mercado produtos diferenciados e de qualidade.<\/p>\n<p>Para assegurar a qualidade dos produtos e a excel\u00eancia no atendimento, mantemos uma pol\u00edtica fundamentada em tradi\u00e7\u00e3o, grande versatilidade e alta tecnologia.[\/vc_column_text][vc_row_inner][vc_column_inner width=&#8221;1\/4&#8243;][vc_column_text]<\/p>\n<ul class=\"h-social-icon-lft clearfix\">\n<li><a href=\"mailto:loja@tecidosexclusivos.com\/\"><i class=\"fa fa-envelope\">\u00a0<\/i><\/a><\/li>\n<li><a href=\"https:\/\/goo.gl\/maps\/iudBfKxNotL2\" target=\"_blank\" rel=\"noopener noreferrer\"><i class=\"fa fa-map-marker\">\u00a0<\/i><\/a><\/li>\n<\/ul>\n<p>[\/vc_column_text][\/vc_column_inner][vc_column_inner width=&#8221;3\/4&#8243;][vc_column_text]<\/p>\n<div class=\"social_media_footer_pan\">\n<ul class=\"list-unstyled footer-social-media\">\n<li><a href=\"https:\/\/www.facebook.com\/exclusivosnaloja\/\"><i class=\"fa fa-facebook\">\u00a0<\/i><\/a><\/li>\n<\/ul>\n<\/div>\n<p>[\/vc_column_text][\/vc_column_inner][\/vc_row_inner][\/vc_column][\/vc_row][vc_row css=&#8221;.vc_custom_1452677741300{margin-top: 3px !important;margin-bottom: 3px !important;border-top-width: 1px !important;border-bottom-width: 1px !important;padding-top: 4px !important;padding-bottom: 4px !important;border-top-color: #eeeeee !important;border-top-style: solid !important;border-bottom-color: #eeeeee !important;border-bottom-style: solid !important;}&#8221;][vc_column width=&#8221;1\/4&#8243; css=&#8221;.vc_custom_1452677897273{border-top-width: 1px !important;border-right-width: 1px !important;border-bottom-width: 1px !important;padding-top: 35px !important;padding-bottom: 0px !important;border-right-color: #eeeeee !important;border-right-style: solid !important;border-top-color: #eeeeee !important;border-top-style: solid !important;border-bottom-color: #eeeeee !important;border-bottom-style: solid !important;}&#8221;][vc_custom_heading text=&#8221;20,000&#8243; font_container=&#8221;tag:p|font_size:36px|text_align:center|color:%23000000|line_height:36px&#8221; google_fonts=&#8221;font_family:Oswald%3A300%2Cregular%2C700|font_style:700%20bold%20regular%3A700%3Anormal&#8221;][vc_column_text]<\/p>\n<p style=\"text-align: center;\"><span style=\"color: #a7a7a7;\">TRABALHADORES<\/span><\/p>\n<p>[\/vc_column_text][\/vc_column][vc_column width=&#8221;1\/4&#8243; css=&#8221;.vc_custom_1452677903905{border-top-width: 1px !important;border-right-width: 1px !important;border-bottom-width: 1px !important;padding-top: 35px !important;padding-bottom: 0px !important;border-right-color: #eeeeee !important;border-right-style: solid !important;border-top-color: #eeeeee !important;border-top-style: solid !important;border-bottom-color: #eeeeee !important;border-bottom-style: solid !important;}&#8221;][vc_custom_heading text=&#8221;1,154,000&#8243; font_container=&#8221;tag:p|font_size:36px|text_align:center|color:%23000000|line_height:36px&#8221; google_fonts=&#8221;font_family:Oswald%3A300%2Cregular%2C700|font_style:700%20bold%20regular%3A700%3Anormal&#8221;][vc_column_text]<\/p>\n<p style=\"text-align: center;\"><span style=\"color: #a7a7a7;\">VENDAS POR ANO<\/span><\/p>\n<p>[\/vc_column_text][\/vc_column][vc_column width=&#8221;1\/4&#8243; css=&#8221;.vc_custom_1452677910096{border-top-width: 1px !important;border-right-width: 1px !important;border-bottom-width: 1px !important;padding-top: 35px !important;padding-bottom: 0px !important;border-right-color: #eeeeee !important;border-right-style: solid !important;border-top-color: #eeeeee !important;border-top-style: solid !important;border-bottom-color: #eeeeee !important;border-bottom-style: solid !important;}&#8221;][vc_custom_heading text=&#8221;17,414&#8243; font_container=&#8221;tag:p|font_size:36px|text_align:center|color:%23000000|line_height:36px&#8221; google_fonts=&#8221;font_family:Oswald%3A300%2Cregular%2C700|font_style:700%20bold%20regular%3A700%3Anormal&#8221;][vc_column_text]<\/p>\n<p style=\"text-align: center;\"><span style=\"color: #a7a7a7;\">PARCEIROS<\/span><\/p>\n<p>[\/vc_column_text][\/vc_column][vc_column width=&#8221;1\/4&#8243; css=&#8221;.vc_custom_1452677918328{border-top-width: 1px !important;border-bottom-width: 1px !important;padding-top: 35px !important;padding-bottom: 0px !important;border-top-color: #eeeeee !important;border-bottom-color: #eeeeee !important;}&#8221;][vc_custom_heading text=&#8221;10,200&#8243; font_container=&#8221;tag:p|font_size:36px|text_align:center|color:%23000000|line_height:36px&#8221; google_fonts=&#8221;font_family:Oswald%3A300%2Cregular%2C700|font_style:700%20bold%20regular%3A700%3Anormal&#8221;][vc_column_text]<\/p>\n<p style=\"text-align: center;\"><span style=\"color: #a7a7a7;\">CLIENTES SATISFEITOS<\/span><\/p>\n<p>[\/vc_column_text][\/vc_column][\/vc_row][vc_row][vc_column][vc_empty_space height=&#8221;50px&#8221;][\/vc_column][\/vc_row]<\/p>\n","protected":false},"excerpt":{"rendered":"<p>[vc_row][vc_column][vc_empty_space height=&#8221;100px&#8221;][\/vc_column][\/vc_row][vc_row][vc_column offset=&#8221;vc_col-lg-6&#8243;][vc_single_image image=&#8221;217&#8243; img_size=&#8221;full&#8221;][\/vc_column][vc_column offset=&#8221;vc_col-lg-6&#8243;][vc_column_text] Sobre o Tecidos Exclusivos A Tecidos Exclusivos \u00e9 uma uma empresa tradicional de comercializa\u00e7\u00e3o de tecidos que busca oferecer ao mercado produtos diferenciados e de qualidade. Para assegurar a qualidade dos produtos e a excel\u00eancia no atendimento, mantemos uma pol\u00edtica fundamentada em tradi\u00e7\u00e3o, grande versatilidade e alta tecnologia.[\/vc_column_text][vc_row_inner][vc_column_inner width=&#8221;1\/4&#8243;][vc_column_text] [&hellip;]<\/p>\n","protected":false},"author":1,"featured_media":0,"parent":0,"menu_order":0,"comment_status":"closed","ping_status":"closed","template":"page-fullwidth.php","meta":{"footnotes":""},"class_list":["post-166","page","type-page","status-publish","hentry"],"yoast_head":"<!-- This site is optimized with the Yoast SEO plugin v17.9 - https:\/\/yoast.com\/wordpress\/plugins\/seo\/ -->\n<title>A Nossa Historia - Tecidos Exclusivos | Com\u00e9rcio de Tecidos para Confec\u00e7\u00e3o<\/title>\n<meta name=\"robots\" content=\"index, follow, max-snippet:-1, max-image-preview:large, max-video-preview:-1\" \/>\n<link rel=\"canonical\" href=\"https:\/\/www.tecidosexclusivos.com\/portal\/historia\/\" \/>\n<meta property=\"og:locale\" content=\"pt_PT\" \/>\n<meta property=\"og:type\" content=\"article\" \/>\n<meta property=\"og:title\" content=\"A Nossa Historia - Tecidos Exclusivos | Com\u00e9rcio de Tecidos para Confec\u00e7\u00e3o\" \/>\n<meta property=\"og:description\" content=\"[vc_row][vc_column][vc_empty_space height=&#8221;100px&#8221;][\/vc_column][\/vc_row][vc_row][vc_column offset=&#8221;vc_col-lg-6&#8243;][vc_single_image image=&#8221;217&#8243; img_size=&#8221;full&#8221;][\/vc_column][vc_column offset=&#8221;vc_col-lg-6&#8243;][vc_column_text] Sobre o Tecidos Exclusivos A Tecidos Exclusivos \u00e9 uma uma empresa tradicional de comercializa\u00e7\u00e3o de tecidos que busca oferecer ao mercado produtos diferenciados e de qualidade. Para assegurar a qualidade dos produtos e a excel\u00eancia no atendimento, mantemos uma pol\u00edtica fundamentada em tradi\u00e7\u00e3o, grande versatilidade e alta tecnologia.[\/vc_column_text][vc_row_inner][vc_column_inner width=&#8221;1\/4&#8243;][vc_column_text] [&hellip;]\" \/>\n<meta property=\"og:url\" content=\"https:\/\/www.tecidosexclusivos.com\/portal\/historia\/\" \/>\n<meta property=\"og:site_name\" content=\"Tecidos Exclusivos | Com\u00e9rcio de Tecidos para Confec\u00e7\u00e3o\" \/>\n<meta property=\"article:modified_time\" content=\"2019-03-17T19:26:04+00:00\" \/>\n<meta name=\"twitter:card\" content=\"summary_large_image\" \/>\n<meta name=\"twitter:label1\" content=\"Tempo estimado de leitura\" \/>\n\t<meta name=\"twitter:data1\" content=\"2 minutos\" \/>\n<script type=\"application\/ld+json\" class=\"yoast-schema-graph\">{\"@context\":\"https:\/\/schema.org\",\"@graph\":[{\"@type\":\"WebSite\",\"@id\":\"http:\/\/www.tecidosexclusivos.com\/portal\/#website\",\"url\":\"http:\/\/www.tecidosexclusivos.com\/portal\/\",\"name\":\"Tecidos Exclusivos | Com\\u00e9rcio de Tecidos para Confec\\u00e7\\u00e3o\",\"description\":\"Com\\u00e9rcio de Tecidos para Confec\\u00e7\\u00e3o\",\"potentialAction\":[{\"@type\":\"SearchAction\",\"target\":{\"@type\":\"EntryPoint\",\"urlTemplate\":\"http:\/\/www.tecidosexclusivos.com\/portal\/?s={search_term_string}\"},\"query-input\":\"required name=search_term_string\"}],\"inLanguage\":\"pt-PT\"},{\"@type\":\"WebPage\",\"@id\":\"https:\/\/www.tecidosexclusivos.com\/portal\/historia\/#webpage\",\"url\":\"https:\/\/www.tecidosexclusivos.com\/portal\/historia\/\",\"name\":\"A Nossa Historia - Tecidos Exclusivos | Com\\u00e9rcio de Tecidos para Confec\\u00e7\\u00e3o\",\"isPartOf\":{\"@id\":\"http:\/\/www.tecidosexclusivos.com\/portal\/#website\"},\"datePublished\":\"2016-01-13T05:43:33+00:00\",\"dateModified\":\"2019-03-17T19:26:04+00:00\",\"breadcrumb\":{\"@id\":\"https:\/\/www.tecidosexclusivos.com\/portal\/historia\/#breadcrumb\"},\"inLanguage\":\"pt-PT\",\"potentialAction\":[{\"@type\":\"ReadAction\",\"target\":[\"https:\/\/www.tecidosexclusivos.com\/portal\/historia\/\"]}]},{\"@type\":\"BreadcrumbList\",\"@id\":\"https:\/\/www.tecidosexclusivos.com\/portal\/historia\/#breadcrumb\",\"itemListElement\":[{\"@type\":\"ListItem\",\"position\":1,\"name\":\"Home\",\"item\":\"http:\/\/www.tecidosexclusivos.com\/portal\/\"},{\"@type\":\"ListItem\",\"position\":2,\"name\":\"A Nossa Historia\"}]}]}<\/script>\n<!-- \/ Yoast SEO plugin. -->","yoast_head_json":{"title":"A Nossa Historia - Tecidos Exclusivos | Com\u00e9rcio de Tecidos para Confec\u00e7\u00e3o","robots":{"index":"index","follow":"follow","max-snippet":"max-snippet:-1","max-image-preview":"max-image-preview:large","max-video-preview":"max-video-preview:-1"},"canonical":"https:\/\/www.tecidosexclusivos.com\/portal\/historia\/","og_locale":"pt_PT","og_type":"article","og_title":"A Nossa Historia - Tecidos Exclusivos | Com\u00e9rcio de Tecidos para Confec\u00e7\u00e3o","og_description":"[vc_row][vc_column][vc_empty_space height=&#8221;100px&#8221;][\/vc_column][\/vc_row][vc_row][vc_column offset=&#8221;vc_col-lg-6&#8243;][vc_single_image image=&#8221;217&#8243; img_size=&#8221;full&#8221;][\/vc_column][vc_column offset=&#8221;vc_col-lg-6&#8243;][vc_column_text] Sobre o Tecidos Exclusivos A Tecidos Exclusivos \u00e9 uma uma empresa tradicional de comercializa\u00e7\u00e3o de tecidos que busca oferecer ao mercado produtos diferenciados e de qualidade. Para assegurar a qualidade dos produtos e a excel\u00eancia no atendimento, mantemos uma pol\u00edtica fundamentada em tradi\u00e7\u00e3o, grande versatilidade e alta tecnologia.[\/vc_column_text][vc_row_inner][vc_column_inner width=&#8221;1\/4&#8243;][vc_column_text] [&hellip;]","og_url":"https:\/\/www.tecidosexclusivos.com\/portal\/historia\/","og_site_name":"Tecidos Exclusivos | Com\u00e9rcio de Tecidos para Confec\u00e7\u00e3o","article_modified_time":"2019-03-17T19:26:04+00:00","twitter_card":"summary_large_image","twitter_misc":{"Tempo estimado de leitura":"2 minutos"},"schema":{"@context":"https:\/\/schema.org","@graph":[{"@type":"WebSite","@id":"http:\/\/www.tecidosexclusivos.com\/portal\/#website","url":"http:\/\/www.tecidosexclusivos.com\/portal\/","name":"Tecidos Exclusivos | Com\u00e9rcio de Tecidos para Confec\u00e7\u00e3o","description":"Com\u00e9rcio de Tecidos para Confec\u00e7\u00e3o","potentialAction":[{"@type":"SearchAction","target":{"@type":"EntryPoint","urlTemplate":"http:\/\/www.tecidosexclusivos.com\/portal\/?s={search_term_string}"},"query-input":"required name=search_term_string"}],"inLanguage":"pt-PT"},{"@type":"WebPage","@id":"https:\/\/www.tecidosexclusivos.com\/portal\/historia\/#webpage","url":"https:\/\/www.tecidosexclusivos.com\/portal\/historia\/","name":"A Nossa Historia - Tecidos Exclusivos | Com\u00e9rcio de Tecidos para Confec\u00e7\u00e3o","isPartOf":{"@id":"http:\/\/www.tecidosexclusivos.com\/portal\/#website"},"datePublished":"2016-01-13T05:43:33+00:00","dateModified":"2019-03-17T19:26:04+00:00","breadcrumb":{"@id":"https:\/\/www.tecidosexclusivos.com\/portal\/historia\/#breadcrumb"},"inLanguage":"pt-PT","potentialAction":[{"@type":"ReadAction","target":["https:\/\/www.tecidosexclusivos.com\/portal\/historia\/"]}]},{"@type":"BreadcrumbList","@id":"https:\/\/www.tecidosexclusivos.com\/portal\/historia\/#breadcrumb","itemListElement":[{"@type":"ListItem","position":1,"name":"Home","item":"http:\/\/www.tecidosexclusivos.com\/portal\/"},{"@type":"ListItem","position":2,"name":"A Nossa Historia"}]}]}},"_links":{"self":[{"href":"https:\/\/www.tecidosexclusivos.com\/portal\/wp-json\/wp\/v2\/pages\/166","targetHints":{"allow":["GET"]}}],"collection":[{"href":"https:\/\/www.tecidosexclusivos.com\/portal\/wp-json\/wp\/v2\/pages"}],"about":[{"href":"https:\/\/www.tecidosexclusivos.com\/portal\/wp-json\/wp\/v2\/types\/page"}],"author":[{"embeddable":true,"href":"https:\/\/www.tecidosexclusivos.com\/portal\/wp-json\/wp\/v2\/users\/1"}],"replies":[{"embeddable":true,"href":"https:\/\/www.tecidosexclusivos.com\/portal\/wp-json\/wp\/v2\/comments?post=166"}],"version-history":[{"count":9,"href":"https:\/\/www.tecidosexclusivos.com\/portal\/wp-json\/wp\/v2\/pages\/166\/revisions"}],"predecessor-version":[{"id":727,"href":"https:\/\/www.tecidosexclusivos.com\/portal\/wp-json\/wp\/v2\/pages\/166\/revisions\/727"}],"wp:attachment":[{"href":"https:\/\/www.tecidosexclusivos.com\/portal\/wp-json\/wp\/v2\/media?parent=166"}],"curies":[{"name":"wp","href":"https:\/\/api.w.org\/{rel}","templated":true}]}}