{"id":401,"date":"2016-02-07T05:33:59","date_gmt":"2016-02-07T05:33:59","guid":{"rendered":"http:\/\/wp-hill.wpdemoz1.com\/?page_id=401"},"modified":"2016-02-07T05:33:59","modified_gmt":"2016-02-07T05:33:59","slug":"brands","status":"publish","type":"page","link":"https:\/\/www.tecidosexclusivos.com\/portal\/brands\/","title":{"rendered":"Brands"},"content":{"rendered":"<p>[vc_row][vc_column][vc_empty_space height=&#8221;90px&#8221;]<div class=\"hill_brands_carousel\" id=\"pro_brnd_1456524778\"><ul><\/ul><\/div>\r\n    <script type='text\/javascript'>\r\n    jQuery(document).ready(function ($) {\r\n    $('#pro_brnd_1456524778 > ul').owlCarousel({\r\n        items: 5,\r\n        itemsDesktop: [1199,4],\r\n        itemsDesktopSmall: [979,3],\r\n        itemsTablet: [768,3],\r\n        itemsMobile: [479,2],\r\n        navigation: true,\r\n        pagination: false,\r\n        autoPlay: 3500,\r\n        singleItem: false,\r\n        navigationText: ['<i class=\"fa fa-angle-left\"><\/i>', '<i class=\"fa fa-angle-right\"><\/i>']\r\n    });\r\n    });\r\n    <\/script>[vc_empty_space height=&#8221;50px&#8221;][\/vc_column][\/vc_row]<\/p>\n","protected":false},"excerpt":{"rendered":"<p>[vc_row][vc_column][vc_empty_space height=&#8221;90px&#8221;][vc_empty_space height=&#8221;50px&#8221;][\/vc_column][\/vc_row]<\/p>\n","protected":false},"author":1,"featured_media":0,"parent":0,"menu_order":0,"comment_status":"closed","ping_status":"closed","template":"page-fullwidth.php","meta":{"footnotes":""},"class_list":["post-401","page","type-page","status-publish","hentry"],"yoast_head":"<!-- This site is optimized with the Yoast SEO plugin v17.9 - https:\/\/yoast.com\/wordpress\/plugins\/seo\/ -->\n<title>Brands - Tecidos Exclusivos | Com\u00e9rcio de Tecidos para Confec\u00e7\u00e3o<\/title>\n<meta name=\"robots\" content=\"index, follow, max-snippet:-1, max-image-preview:large, max-video-preview:-1\" \/>\n<link rel=\"canonical\" href=\"http:\/\/www.tecidosexclusivos.com\/portal\/brands\/\" \/>\n<meta property=\"og:locale\" content=\"pt_PT\" \/>\n<meta property=\"og:type\" content=\"article\" \/>\n<meta property=\"og:title\" content=\"Brands - Tecidos Exclusivos | Com\u00e9rcio de Tecidos para Confec\u00e7\u00e3o\" \/>\n<meta property=\"og:description\" content=\"[vc_row][vc_column][vc_empty_space height=&#8221;90px&#8221;][vc_empty_space height=&#8221;50px&#8221;][\/vc_column][\/vc_row]\" \/>\n<meta property=\"og:url\" content=\"http:\/\/www.tecidosexclusivos.com\/portal\/brands\/\" \/>\n<meta property=\"og:site_name\" content=\"Tecidos Exclusivos | Com\u00e9rcio de Tecidos para Confec\u00e7\u00e3o\" \/>\n<meta name=\"twitter:card\" content=\"summary_large_image\" \/>\n<script type=\"application\/ld+json\" class=\"yoast-schema-graph\">{\"@context\":\"https:\/\/schema.org\",\"@graph\":[{\"@type\":\"WebSite\",\"@id\":\"http:\/\/www.tecidosexclusivos.com\/portal\/#website\",\"url\":\"http:\/\/www.tecidosexclusivos.com\/portal\/\",\"name\":\"Tecidos Exclusivos | Com\\u00e9rcio de Tecidos para Confec\\u00e7\\u00e3o\",\"description\":\"Com\\u00e9rcio de Tecidos para Confec\\u00e7\\u00e3o\",\"potentialAction\":[{\"@type\":\"SearchAction\",\"target\":{\"@type\":\"EntryPoint\",\"urlTemplate\":\"http:\/\/www.tecidosexclusivos.com\/portal\/?s={search_term_string}\"},\"query-input\":\"required name=search_term_string\"}],\"inLanguage\":\"pt-PT\"},{\"@type\":\"WebPage\",\"@id\":\"http:\/\/www.tecidosexclusivos.com\/portal\/brands\/#webpage\",\"url\":\"http:\/\/www.tecidosexclusivos.com\/portal\/brands\/\",\"name\":\"Brands - Tecidos Exclusivos | Com\\u00e9rcio de Tecidos para Confec\\u00e7\\u00e3o\",\"isPartOf\":{\"@id\":\"http:\/\/www.tecidosexclusivos.com\/portal\/#website\"},\"datePublished\":\"2016-02-07T05:33:59+00:00\",\"dateModified\":\"2016-02-07T05:33:59+00:00\",\"breadcrumb\":{\"@id\":\"http:\/\/www.tecidosexclusivos.com\/portal\/brands\/#breadcrumb\"},\"inLanguage\":\"pt-PT\",\"potentialAction\":[{\"@type\":\"ReadAction\",\"target\":[\"http:\/\/www.tecidosexclusivos.com\/portal\/brands\/\"]}]},{\"@type\":\"BreadcrumbList\",\"@id\":\"http:\/\/www.tecidosexclusivos.com\/portal\/brands\/#breadcrumb\",\"itemListElement\":[{\"@type\":\"ListItem\",\"position\":1,\"name\":\"Home\",\"item\":\"http:\/\/www.tecidosexclusivos.com\/portal\/\"},{\"@type\":\"ListItem\",\"position\":2,\"name\":\"Brands\"}]}]}<\/script>\n<!-- \/ Yoast SEO plugin. -->","yoast_head_json":{"title":"Brands - Tecidos Exclusivos | Com\u00e9rcio de Tecidos para Confec\u00e7\u00e3o","robots":{"index":"index","follow":"follow","max-snippet":"max-snippet:-1","max-image-preview":"max-image-preview:large","max-video-preview":"max-video-preview:-1"},"canonical":"http:\/\/www.tecidosexclusivos.com\/portal\/brands\/","og_locale":"pt_PT","og_type":"article","og_title":"Brands - Tecidos Exclusivos | Com\u00e9rcio de Tecidos para Confec\u00e7\u00e3o","og_description":"[vc_row][vc_column][vc_empty_space height=&#8221;90px&#8221;][vc_empty_space height=&#8221;50px&#8221;][\/vc_column][\/vc_row]","og_url":"http:\/\/www.tecidosexclusivos.com\/portal\/brands\/","og_site_name":"Tecidos Exclusivos | Com\u00e9rcio de Tecidos para Confec\u00e7\u00e3o","twitter_card":"summary_large_image","schema":{"@context":"https:\/\/schema.org","@graph":[{"@type":"WebSite","@id":"http:\/\/www.tecidosexclusivos.com\/portal\/#website","url":"http:\/\/www.tecidosexclusivos.com\/portal\/","name":"Tecidos Exclusivos | Com\u00e9rcio de Tecidos para Confec\u00e7\u00e3o","description":"Com\u00e9rcio de Tecidos para Confec\u00e7\u00e3o","potentialAction":[{"@type":"SearchAction","target":{"@type":"EntryPoint","urlTemplate":"http:\/\/www.tecidosexclusivos.com\/portal\/?s={search_term_string}"},"query-input":"required name=search_term_string"}],"inLanguage":"pt-PT"},{"@type":"WebPage","@id":"http:\/\/www.tecidosexclusivos.com\/portal\/brands\/#webpage","url":"http:\/\/www.tecidosexclusivos.com\/portal\/brands\/","name":"Brands - Tecidos Exclusivos | Com\u00e9rcio de Tecidos para Confec\u00e7\u00e3o","isPartOf":{"@id":"http:\/\/www.tecidosexclusivos.com\/portal\/#website"},"datePublished":"2016-02-07T05:33:59+00:00","dateModified":"2016-02-07T05:33:59+00:00","breadcrumb":{"@id":"http:\/\/www.tecidosexclusivos.com\/portal\/brands\/#breadcrumb"},"inLanguage":"pt-PT","potentialAction":[{"@type":"ReadAction","target":["http:\/\/www.tecidosexclusivos.com\/portal\/brands\/"]}]},{"@type":"BreadcrumbList","@id":"http:\/\/www.tecidosexclusivos.com\/portal\/brands\/#breadcrumb","itemListElement":[{"@type":"ListItem","position":1,"name":"Home","item":"http:\/\/www.tecidosexclusivos.com\/portal\/"},{"@type":"ListItem","position":2,"name":"Brands"}]}]}},"_links":{"self":[{"href":"https:\/\/www.tecidosexclusivos.com\/portal\/wp-json\/wp\/v2\/pages\/401","targetHints":{"allow":["GET"]}}],"collection":[{"href":"https:\/\/www.tecidosexclusivos.com\/portal\/wp-json\/wp\/v2\/pages"}],"about":[{"href":"https:\/\/www.tecidosexclusivos.com\/portal\/wp-json\/wp\/v2\/types\/page"}],"author":[{"embeddable":true,"href":"https:\/\/www.tecidosexclusivos.com\/portal\/wp-json\/wp\/v2\/users\/1"}],"replies":[{"embeddable":true,"href":"https:\/\/www.tecidosexclusivos.com\/portal\/wp-json\/wp\/v2\/comments?post=401"}],"version-history":[{"count":0,"href":"https:\/\/www.tecidosexclusivos.com\/portal\/wp-json\/wp\/v2\/pages\/401\/revisions"}],"wp:attachment":[{"href":"https:\/\/www.tecidosexclusivos.com\/portal\/wp-json\/wp\/v2\/media?parent=401"}],"curies":[{"name":"wp","href":"https:\/\/api.w.org\/{rel}","templated":true}]}}