{"id":3375,"date":"2023-09-27T16:01:08","date_gmt":"2023-09-27T16:01:08","guid":{"rendered":"https:\/\/www.tecidosexclusivos.com\/portal\/?post_type=product&#038;p=3375"},"modified":"2026-01-01T00:25:04","modified_gmt":"2026-01-01T00:25:04","slug":"3030333001","status":"publish","type":"product","link":"https:\/\/www.tecidosexclusivos.com\/portal\/product\/3030333001\/","title":{"rendered":"3030333001150"},"content":{"rendered":"","protected":false},"excerpt":{"rendered":"<p>&nbsp;<\/p>\n<p><img loading=\"lazy\" decoding=\"async\" class=\"alignnone size-medium wp-image-3376\" src=\"http:\/\/www.tecidosexclusivos.com\/portal\/wp-content\/uploads\/3030333001-225x300.jpg\" alt=\"\" width=\"225\" height=\"300\" srcset=\"https:\/\/www.tecidosexclusivos.com\/portal\/wp-content\/uploads\/3030333001-225x300.jpg 225w, https:\/\/www.tecidosexclusivos.com\/portal\/wp-content\/uploads\/3030333001.jpg 600w\" sizes=\"auto, (max-width: 225px) 100vw, 225px\" \/>VALOR TOTAL RETALHO DE 1.60 metro.<\/p>\n<p>Seda Estampada &#8220;Cadena&#8221;<\/p>\n<p>Tipo de tecido: Tecido leve com acabamento acetinado, simulando o toque da seda natural<\/p>\n<p>\ud83c\udfa8 Aspeto Visual e Textura<br \/>\nPadr\u00e3o: Patchwork de quadrados em diferentes padr\u00f5es de xadrez (xadrez escoc\u00eas, vichy, tartan), com cores vivas como azul, amarelo, verde, vermelho e branco<\/p>\n<p>Textura: Lisa, com leve brilho e toque sedoso<\/p>\n<p>Drapeado: Fluido e leve, com bom caimento e movimento<\/p>\n<p>Estilo: Jovial, ousado e contempor\u00e2neo, com apelo gr\u00e1fico e visual marcante<\/p>\n<p>\ud83c\udfaf Aplica\u00e7\u00f5es Ideais<br \/>\nModa feminina e masculina: Camisas, vestidos, saias, cal\u00e7as leves, t\u00fanicas<\/p>\n<p>Moda jovem ou urbana: Pe\u00e7as casuais com atitude gr\u00e1fica<\/p>\n<p>Acess\u00f3rios: Len\u00e7os, turbantes, bolsas.<\/p>\n<p>PRE\u00c7O DO TECIDO AO METRO<br \/>\nN\u00c3O VENDEMOS O TECIDO CONFECIONADO, SIMPLESMENTE APRESENTAMOS IDEIA.<br \/>\nPODE REALIZAR OS SEUS PEDIDOS POR ( WATSAP OU TELEMOVEL 934951845 )<br \/>\nFACEBOOK: https:\/\/www.facebook.com\/tecidosexclusivo<br \/>\nE na NOSSA LOJA FISICA.<\/p>\n","protected":false},"featured_media":4996,"comment_status":"closed","ping_status":"closed","template":"","meta":[],"class_list":{"0":"post-3375","1":"product","2":"type-product","3":"status-publish","4":"has-post-thumbnail","6":"product_cat-cadena","8":"first","9":"instock","10":"shipping-taxable","11":"purchasable","12":"product-type-simple"},"yoast_head":"<!-- This site is optimized with the Yoast SEO plugin v17.9 - https:\/\/yoast.com\/wordpress\/plugins\/seo\/ -->\n<title>3030333001150 - Tecidos Exclusivos | Com\u00e9rcio de Tecidos para Confec\u00e7\u00e3o<\/title>\n<meta name=\"robots\" content=\"index, follow, max-snippet:-1, max-image-preview:large, max-video-preview:-1\" \/>\n<link rel=\"canonical\" href=\"https:\/\/www.tecidosexclusivos.com\/portal\/product\/3030333001\/\" \/>\n<meta property=\"og:locale\" content=\"pt_PT\" \/>\n<meta property=\"og:type\" content=\"article\" \/>\n<meta property=\"og:title\" content=\"3030333001150 - Tecidos Exclusivos | Com\u00e9rcio de Tecidos para Confec\u00e7\u00e3o\" \/>\n<meta property=\"og:description\" content=\"&nbsp;  VALOR TOTAL RETALHO DE 1.60 metro.  Seda Estampada &quot;Cadena&quot;  Tipo de tecido: Tecido leve com acabamento acetinado, simulando o toque da seda natural  \ud83c\udfa8 Aspeto Visual e Textura Padr\u00e3o: Patchwork de quadrados em diferentes padr\u00f5es de xadrez (xadrez escoc\u00eas, vichy, tartan), com cores vivas como azul, amarelo, verde, vermelho e branco  Textura: Lisa, com leve brilho e toque sedoso  Drapeado: Fluido e leve, com bom caimento e movimento  Estilo: Jovial, ousado e contempor\u00e2neo, com apelo gr\u00e1fico e visual marcante  \ud83c\udfaf Aplica\u00e7\u00f5es Ideais Moda feminina e masculina: Camisas, vestidos, saias, cal\u00e7as leves, t\u00fanicas  Moda jovem ou urbana: Pe\u00e7as casuais com atitude gr\u00e1fica  Acess\u00f3rios: Len\u00e7os, turbantes, bolsas.  PRE\u00c7O DO TECIDO AO METRO N\u00c3O VENDEMOS O TECIDO CONFECIONADO, SIMPLESMENTE APRESENTAMOS IDEIA. PODE REALIZAR OS SEUS PEDIDOS POR ( WATSAP OU TELEMOVEL 934951845 ) FACEBOOK: https:\/\/www.facebook.com\/tecidosexclusivo E na NOSSA LOJA FISICA.\" \/>\n<meta property=\"og:url\" content=\"https:\/\/www.tecidosexclusivos.com\/portal\/product\/3030333001\/\" \/>\n<meta property=\"og:site_name\" content=\"Tecidos Exclusivos | Com\u00e9rcio de Tecidos para Confec\u00e7\u00e3o\" \/>\n<meta property=\"article:modified_time\" content=\"2026-01-01T00:25:04+00:00\" \/>\n<meta property=\"og:image\" content=\"http:\/\/www.tecidosexclusivos.com\/portal\/wp-content\/uploads\/3030333001-MANEQUIM.jpg\" \/>\n\t<meta property=\"og:image:width\" content=\"819\" \/>\n\t<meta property=\"og:image:height\" content=\"1228\" \/>\n\t<meta property=\"og:image:type\" content=\"image\/jpeg\" \/>\n<meta name=\"twitter:card\" content=\"summary_large_image\" \/>\n<script type=\"application\/ld+json\" class=\"yoast-schema-graph\">{\"@context\":\"https:\/\/schema.org\",\"@graph\":[{\"@type\":\"WebSite\",\"@id\":\"http:\/\/www.tecidosexclusivos.com\/portal\/#website\",\"url\":\"http:\/\/www.tecidosexclusivos.com\/portal\/\",\"name\":\"Tecidos Exclusivos | Com\\u00e9rcio de Tecidos para Confec\\u00e7\\u00e3o\",\"description\":\"Com\\u00e9rcio de Tecidos para Confec\\u00e7\\u00e3o\",\"potentialAction\":[{\"@type\":\"SearchAction\",\"target\":{\"@type\":\"EntryPoint\",\"urlTemplate\":\"http:\/\/www.tecidosexclusivos.com\/portal\/?s={search_term_string}\"},\"query-input\":\"required name=search_term_string\"}],\"inLanguage\":\"pt-PT\"},{\"@type\":\"ImageObject\",\"@id\":\"https:\/\/www.tecidosexclusivos.com\/portal\/product\/3030333001\/#primaryimage\",\"inLanguage\":\"pt-PT\",\"url\":\"https:\/\/www.tecidosexclusivos.com\/portal\/wp-content\/uploads\/3030333001-MANEQUIM.jpg\",\"contentUrl\":\"https:\/\/www.tecidosexclusivos.com\/portal\/wp-content\/uploads\/3030333001-MANEQUIM.jpg\",\"width\":819,\"height\":1228},{\"@type\":\"WebPage\",\"@id\":\"https:\/\/www.tecidosexclusivos.com\/portal\/product\/3030333001\/#webpage\",\"url\":\"https:\/\/www.tecidosexclusivos.com\/portal\/product\/3030333001\/\",\"name\":\"3030333001150 - Tecidos Exclusivos | Com\\u00e9rcio de Tecidos para Confec\\u00e7\\u00e3o\",\"isPartOf\":{\"@id\":\"http:\/\/www.tecidosexclusivos.com\/portal\/#website\"},\"primaryImageOfPage\":{\"@id\":\"https:\/\/www.tecidosexclusivos.com\/portal\/product\/3030333001\/#primaryimage\"},\"datePublished\":\"2023-09-27T16:01:08+00:00\",\"dateModified\":\"2026-01-01T00:25:04+00:00\",\"breadcrumb\":{\"@id\":\"https:\/\/www.tecidosexclusivos.com\/portal\/product\/3030333001\/#breadcrumb\"},\"inLanguage\":\"pt-PT\",\"potentialAction\":[{\"@type\":\"ReadAction\",\"target\":[\"https:\/\/www.tecidosexclusivos.com\/portal\/product\/3030333001\/\"]}]},{\"@type\":\"BreadcrumbList\",\"@id\":\"https:\/\/www.tecidosexclusivos.com\/portal\/product\/3030333001\/#breadcrumb\",\"itemListElement\":[{\"@type\":\"ListItem\",\"position\":1,\"name\":\"Home\",\"item\":\"http:\/\/www.tecidosexclusivos.com\/portal\/\"},{\"@type\":\"ListItem\",\"position\":2,\"name\":\"Loja\",\"item\":\"http:\/\/www.tecidosexclusivos.com\/portal\/loja\/\"},{\"@type\":\"ListItem\",\"position\":3,\"name\":\"3030333001150\"}]}]}<\/script>\n<!-- \/ Yoast SEO plugin. -->","yoast_head_json":{"title":"3030333001150 - Tecidos Exclusivos | Com\u00e9rcio de Tecidos para Confec\u00e7\u00e3o","robots":{"index":"index","follow":"follow","max-snippet":"max-snippet:-1","max-image-preview":"max-image-preview:large","max-video-preview":"max-video-preview:-1"},"canonical":"https:\/\/www.tecidosexclusivos.com\/portal\/product\/3030333001\/","og_locale":"pt_PT","og_type":"article","og_title":"3030333001150 - Tecidos Exclusivos | Com\u00e9rcio de Tecidos para Confec\u00e7\u00e3o","og_description":"&nbsp;  VALOR TOTAL RETALHO DE 1.60 metro.  Seda Estampada \"Cadena\"  Tipo de tecido: Tecido leve com acabamento acetinado, simulando o toque da seda natural  \ud83c\udfa8 Aspeto Visual e Textura Padr\u00e3o: Patchwork de quadrados em diferentes padr\u00f5es de xadrez (xadrez escoc\u00eas, vichy, tartan), com cores vivas como azul, amarelo, verde, vermelho e branco  Textura: Lisa, com leve brilho e toque sedoso  Drapeado: Fluido e leve, com bom caimento e movimento  Estilo: Jovial, ousado e contempor\u00e2neo, com apelo gr\u00e1fico e visual marcante  \ud83c\udfaf Aplica\u00e7\u00f5es Ideais Moda feminina e masculina: Camisas, vestidos, saias, cal\u00e7as leves, t\u00fanicas  Moda jovem ou urbana: Pe\u00e7as casuais com atitude gr\u00e1fica  Acess\u00f3rios: Len\u00e7os, turbantes, bolsas.  PRE\u00c7O DO TECIDO AO METRO N\u00c3O VENDEMOS O TECIDO CONFECIONADO, SIMPLESMENTE APRESENTAMOS IDEIA. PODE REALIZAR OS SEUS PEDIDOS POR ( WATSAP OU TELEMOVEL 934951845 ) FACEBOOK: https:\/\/www.facebook.com\/tecidosexclusivo E na NOSSA LOJA FISICA.","og_url":"https:\/\/www.tecidosexclusivos.com\/portal\/product\/3030333001\/","og_site_name":"Tecidos Exclusivos | Com\u00e9rcio de Tecidos para Confec\u00e7\u00e3o","article_modified_time":"2026-01-01T00:25:04+00:00","og_image":[{"width":819,"height":1228,"url":"http:\/\/www.tecidosexclusivos.com\/portal\/wp-content\/uploads\/3030333001-MANEQUIM.jpg","type":"image\/jpeg"}],"twitter_card":"summary_large_image","schema":{"@context":"https:\/\/schema.org","@graph":[{"@type":"WebSite","@id":"http:\/\/www.tecidosexclusivos.com\/portal\/#website","url":"http:\/\/www.tecidosexclusivos.com\/portal\/","name":"Tecidos Exclusivos | Com\u00e9rcio de Tecidos para Confec\u00e7\u00e3o","description":"Com\u00e9rcio de Tecidos para Confec\u00e7\u00e3o","potentialAction":[{"@type":"SearchAction","target":{"@type":"EntryPoint","urlTemplate":"http:\/\/www.tecidosexclusivos.com\/portal\/?s={search_term_string}"},"query-input":"required name=search_term_string"}],"inLanguage":"pt-PT"},{"@type":"ImageObject","@id":"https:\/\/www.tecidosexclusivos.com\/portal\/product\/3030333001\/#primaryimage","inLanguage":"pt-PT","url":"https:\/\/www.tecidosexclusivos.com\/portal\/wp-content\/uploads\/3030333001-MANEQUIM.jpg","contentUrl":"https:\/\/www.tecidosexclusivos.com\/portal\/wp-content\/uploads\/3030333001-MANEQUIM.jpg","width":819,"height":1228},{"@type":"WebPage","@id":"https:\/\/www.tecidosexclusivos.com\/portal\/product\/3030333001\/#webpage","url":"https:\/\/www.tecidosexclusivos.com\/portal\/product\/3030333001\/","name":"3030333001150 - Tecidos Exclusivos | Com\u00e9rcio de Tecidos para Confec\u00e7\u00e3o","isPartOf":{"@id":"http:\/\/www.tecidosexclusivos.com\/portal\/#website"},"primaryImageOfPage":{"@id":"https:\/\/www.tecidosexclusivos.com\/portal\/product\/3030333001\/#primaryimage"},"datePublished":"2023-09-27T16:01:08+00:00","dateModified":"2026-01-01T00:25:04+00:00","breadcrumb":{"@id":"https:\/\/www.tecidosexclusivos.com\/portal\/product\/3030333001\/#breadcrumb"},"inLanguage":"pt-PT","potentialAction":[{"@type":"ReadAction","target":["https:\/\/www.tecidosexclusivos.com\/portal\/product\/3030333001\/"]}]},{"@type":"BreadcrumbList","@id":"https:\/\/www.tecidosexclusivos.com\/portal\/product\/3030333001\/#breadcrumb","itemListElement":[{"@type":"ListItem","position":1,"name":"Home","item":"http:\/\/www.tecidosexclusivos.com\/portal\/"},{"@type":"ListItem","position":2,"name":"Loja","item":"http:\/\/www.tecidosexclusivos.com\/portal\/loja\/"},{"@type":"ListItem","position":3,"name":"3030333001150"}]}]}},"_links":{"self":[{"href":"https:\/\/www.tecidosexclusivos.com\/portal\/wp-json\/wp\/v2\/product\/3375","targetHints":{"allow":["GET"]}}],"collection":[{"href":"https:\/\/www.tecidosexclusivos.com\/portal\/wp-json\/wp\/v2\/product"}],"about":[{"href":"https:\/\/www.tecidosexclusivos.com\/portal\/wp-json\/wp\/v2\/types\/product"}],"replies":[{"embeddable":true,"href":"https:\/\/www.tecidosexclusivos.com\/portal\/wp-json\/wp\/v2\/comments?post=3375"}],"wp:featuredmedia":[{"embeddable":true,"href":"https:\/\/www.tecidosexclusivos.com\/portal\/wp-json\/wp\/v2\/media\/4996"}],"wp:attachment":[{"href":"https:\/\/www.tecidosexclusivos.com\/portal\/wp-json\/wp\/v2\/media?parent=3375"}],"curies":[{"name":"wp","href":"https:\/\/api.w.org\/{rel}","templated":true}]}}