{"id":3946,"date":"2024-01-04T15:34:58","date_gmt":"2024-01-04T15:34:58","guid":{"rendered":"https:\/\/www.tecidosexclusivos.com\/portal\/?post_type=product&#038;p=3946"},"modified":"2025-09-03T14:23:30","modified_gmt":"2025-09-03T14:23:30","slug":"255077022","status":"publish","type":"product","link":"https:\/\/www.tecidosexclusivos.com\/portal\/product\/255077022\/","title":{"rendered":"2551077022"},"content":{"rendered":"<p><img loading=\"lazy\" decoding=\"async\" src=\"http:\/\/www.tecidosexclusivos.com\/portal\/wp-content\/uploads\/DADOS-3-300x248.jpg\" alt=\"\" width=\"300\" height=\"248\" class=\"alignnone size-medium wp-image-4841\" srcset=\"https:\/\/www.tecidosexclusivos.com\/portal\/wp-content\/uploads\/DADOS-3-300x248.jpg 300w, https:\/\/www.tecidosexclusivos.com\/portal\/wp-content\/uploads\/DADOS-3.jpg 500w\" sizes=\"auto, (max-width: 300px) 100vw, 300px\" \/><\/p>\n","protected":false},"excerpt":{"rendered":"<p><img loading=\"lazy\" decoding=\"async\" src=\"http:\/\/www.tecidosexclusivos.com\/portal\/wp-content\/uploads\/2551077022M-199x300.jpg\" alt=\"\" width=\"199\" height=\"300\" class=\"alignnone size-medium wp-image-4855\" srcset=\"https:\/\/www.tecidosexclusivos.com\/portal\/wp-content\/uploads\/2551077022M-199x300.jpg 199w, https:\/\/www.tecidosexclusivos.com\/portal\/wp-content\/uploads\/2551077022M-679x1024.jpg 679w, https:\/\/www.tecidosexclusivos.com\/portal\/wp-content\/uploads\/2551077022M-768x1159.jpg 768w, https:\/\/www.tecidosexclusivos.com\/portal\/wp-content\/uploads\/2551077022M-600x905.jpg 600w, https:\/\/www.tecidosexclusivos.com\/portal\/wp-content\/uploads\/2551077022M.jpg 814w\" sizes=\"auto, (max-width: 199px) 100vw, 199px\" \/><\/p>\n<p>Composi\u00e7\u00e3o deste tecido:<\/p>\n<p>70% PC (poliacr\u00edlico) \u2192 fibra sint\u00e9tica que d\u00e1 resist\u00eancia, leveza e bom custo-benef\u00edcio.<\/p>\n<p>20% PL (poli\u00e9ster) \u2192 aumenta a durabilidade, resist\u00eancia \u00e0s rugas e facilidade de manuten\u00e7\u00e3o.<\/p>\n<p>10% WO (l\u00e3) \u2192 confere conforto, suavidade e um toque quente.<\/p>\n<p>\u2728 Principais usos:<\/p>\n<p>Confec\u00e7\u00e3o de fatos cl\u00e1ssicos femininos (como casacos tipo Chanel, saias, cal\u00e7as e vestidos).<\/p>\n<p>Casacos de meia-esta\u00e7\u00e3o e inverno, j\u00e1 que tem alguma percentagem de l\u00e3.<\/p>\n<p>Acess\u00f3rios de moda (como echarpes ou estolas).<\/p>\n<p>\ud83d\udc49 \u00c9 um tecido ideal para roupas elegantes e formais, com um toque de sofistica\u00e7\u00e3o intemporal.<\/p>\n","protected":false},"featured_media":3947,"comment_status":"closed","ping_status":"closed","template":"","meta":[],"class_list":{"0":"post-3946","1":"product","2":"type-product","3":"status-publish","4":"has-post-thumbnail","6":"product_cat-fazenda","8":"first","9":"instock","10":"shipping-taxable","11":"product-type-simple"},"yoast_head":"<!-- This site is optimized with the Yoast SEO plugin v17.9 - https:\/\/yoast.com\/wordpress\/plugins\/seo\/ -->\n<title>2551077022 - Tecidos Exclusivos | Com\u00e9rcio de Tecidos para Confec\u00e7\u00e3o<\/title>\n<meta name=\"robots\" content=\"index, follow, max-snippet:-1, max-image-preview:large, max-video-preview:-1\" \/>\n<link rel=\"canonical\" href=\"https:\/\/www.tecidosexclusivos.com\/portal\/product\/255077022\/\" \/>\n<meta property=\"og:locale\" content=\"pt_PT\" \/>\n<meta property=\"og:type\" content=\"article\" \/>\n<meta property=\"og:title\" content=\"2551077022 - Tecidos Exclusivos | Com\u00e9rcio de Tecidos para Confec\u00e7\u00e3o\" \/>\n<meta property=\"og:description\" content=\"Composi\u00e7\u00e3o deste tecido:  70% PC (poliacr\u00edlico) \u2192 fibra sint\u00e9tica que d\u00e1 resist\u00eancia, leveza e bom custo-benef\u00edcio.  20% PL (poli\u00e9ster) \u2192 aumenta a durabilidade, resist\u00eancia \u00e0s rugas e facilidade de manuten\u00e7\u00e3o.  10% WO (l\u00e3) \u2192 confere conforto, suavidade e um toque quente.  \u2728 Principais usos:  Confec\u00e7\u00e3o de fatos cl\u00e1ssicos femininos (como casacos tipo Chanel, saias, cal\u00e7as e vestidos).  Casacos de meia-esta\u00e7\u00e3o e inverno, j\u00e1 que tem alguma percentagem de l\u00e3.  Acess\u00f3rios de moda (como echarpes ou estolas).  \ud83d\udc49 \u00c9 um tecido ideal para roupas elegantes e formais, com um toque de sofistica\u00e7\u00e3o intemporal.\" \/>\n<meta property=\"og:url\" content=\"https:\/\/www.tecidosexclusivos.com\/portal\/product\/255077022\/\" \/>\n<meta property=\"og:site_name\" content=\"Tecidos Exclusivos | Com\u00e9rcio de Tecidos para Confec\u00e7\u00e3o\" \/>\n<meta property=\"article:modified_time\" content=\"2025-09-03T14:23:30+00:00\" \/>\n<meta property=\"og:image\" content=\"http:\/\/www.tecidosexclusivos.com\/portal\/wp-content\/uploads\/2551077022-1.jpg\" \/>\n\t<meta property=\"og:image:width\" content=\"600\" \/>\n\t<meta property=\"og:image:height\" content=\"800\" \/>\n\t<meta property=\"og:image:type\" content=\"image\/jpeg\" \/>\n<meta name=\"twitter:card\" content=\"summary_large_image\" \/>\n<script type=\"application\/ld+json\" class=\"yoast-schema-graph\">{\"@context\":\"https:\/\/schema.org\",\"@graph\":[{\"@type\":\"WebSite\",\"@id\":\"http:\/\/www.tecidosexclusivos.com\/portal\/#website\",\"url\":\"http:\/\/www.tecidosexclusivos.com\/portal\/\",\"name\":\"Tecidos Exclusivos | Com\\u00e9rcio de Tecidos para Confec\\u00e7\\u00e3o\",\"description\":\"Com\\u00e9rcio de Tecidos para Confec\\u00e7\\u00e3o\",\"potentialAction\":[{\"@type\":\"SearchAction\",\"target\":{\"@type\":\"EntryPoint\",\"urlTemplate\":\"http:\/\/www.tecidosexclusivos.com\/portal\/?s={search_term_string}\"},\"query-input\":\"required name=search_term_string\"}],\"inLanguage\":\"pt-PT\"},{\"@type\":\"ImageObject\",\"@id\":\"https:\/\/www.tecidosexclusivos.com\/portal\/product\/255077022\/#primaryimage\",\"inLanguage\":\"pt-PT\",\"url\":\"https:\/\/www.tecidosexclusivos.com\/portal\/wp-content\/uploads\/2551077022-1.jpg\",\"contentUrl\":\"https:\/\/www.tecidosexclusivos.com\/portal\/wp-content\/uploads\/2551077022-1.jpg\",\"width\":600,\"height\":800},{\"@type\":\"WebPage\",\"@id\":\"https:\/\/www.tecidosexclusivos.com\/portal\/product\/255077022\/#webpage\",\"url\":\"https:\/\/www.tecidosexclusivos.com\/portal\/product\/255077022\/\",\"name\":\"2551077022 - Tecidos Exclusivos | Com\\u00e9rcio de Tecidos para Confec\\u00e7\\u00e3o\",\"isPartOf\":{\"@id\":\"http:\/\/www.tecidosexclusivos.com\/portal\/#website\"},\"primaryImageOfPage\":{\"@id\":\"https:\/\/www.tecidosexclusivos.com\/portal\/product\/255077022\/#primaryimage\"},\"datePublished\":\"2024-01-04T15:34:58+00:00\",\"dateModified\":\"2025-09-03T14:23:30+00:00\",\"breadcrumb\":{\"@id\":\"https:\/\/www.tecidosexclusivos.com\/portal\/product\/255077022\/#breadcrumb\"},\"inLanguage\":\"pt-PT\",\"potentialAction\":[{\"@type\":\"ReadAction\",\"target\":[\"https:\/\/www.tecidosexclusivos.com\/portal\/product\/255077022\/\"]}]},{\"@type\":\"BreadcrumbList\",\"@id\":\"https:\/\/www.tecidosexclusivos.com\/portal\/product\/255077022\/#breadcrumb\",\"itemListElement\":[{\"@type\":\"ListItem\",\"position\":1,\"name\":\"Home\",\"item\":\"http:\/\/www.tecidosexclusivos.com\/portal\/\"},{\"@type\":\"ListItem\",\"position\":2,\"name\":\"Loja\",\"item\":\"http:\/\/www.tecidosexclusivos.com\/portal\/loja\/\"},{\"@type\":\"ListItem\",\"position\":3,\"name\":\"2551077022\"}]}]}<\/script>\n<!-- \/ Yoast SEO plugin. -->","yoast_head_json":{"title":"2551077022 - Tecidos Exclusivos | Com\u00e9rcio de Tecidos para Confec\u00e7\u00e3o","robots":{"index":"index","follow":"follow","max-snippet":"max-snippet:-1","max-image-preview":"max-image-preview:large","max-video-preview":"max-video-preview:-1"},"canonical":"https:\/\/www.tecidosexclusivos.com\/portal\/product\/255077022\/","og_locale":"pt_PT","og_type":"article","og_title":"2551077022 - Tecidos Exclusivos | Com\u00e9rcio de Tecidos para Confec\u00e7\u00e3o","og_description":"Composi\u00e7\u00e3o deste tecido:  70% PC (poliacr\u00edlico) \u2192 fibra sint\u00e9tica que d\u00e1 resist\u00eancia, leveza e bom custo-benef\u00edcio.  20% PL (poli\u00e9ster) \u2192 aumenta a durabilidade, resist\u00eancia \u00e0s rugas e facilidade de manuten\u00e7\u00e3o.  10% WO (l\u00e3) \u2192 confere conforto, suavidade e um toque quente.  \u2728 Principais usos:  Confec\u00e7\u00e3o de fatos cl\u00e1ssicos femininos (como casacos tipo Chanel, saias, cal\u00e7as e vestidos).  Casacos de meia-esta\u00e7\u00e3o e inverno, j\u00e1 que tem alguma percentagem de l\u00e3.  Acess\u00f3rios de moda (como echarpes ou estolas).  \ud83d\udc49 \u00c9 um tecido ideal para roupas elegantes e formais, com um toque de sofistica\u00e7\u00e3o intemporal.","og_url":"https:\/\/www.tecidosexclusivos.com\/portal\/product\/255077022\/","og_site_name":"Tecidos Exclusivos | Com\u00e9rcio de Tecidos para Confec\u00e7\u00e3o","article_modified_time":"2025-09-03T14:23:30+00:00","og_image":[{"width":600,"height":800,"url":"http:\/\/www.tecidosexclusivos.com\/portal\/wp-content\/uploads\/2551077022-1.jpg","type":"image\/jpeg"}],"twitter_card":"summary_large_image","schema":{"@context":"https:\/\/schema.org","@graph":[{"@type":"WebSite","@id":"http:\/\/www.tecidosexclusivos.com\/portal\/#website","url":"http:\/\/www.tecidosexclusivos.com\/portal\/","name":"Tecidos Exclusivos | Com\u00e9rcio de Tecidos para Confec\u00e7\u00e3o","description":"Com\u00e9rcio de Tecidos para Confec\u00e7\u00e3o","potentialAction":[{"@type":"SearchAction","target":{"@type":"EntryPoint","urlTemplate":"http:\/\/www.tecidosexclusivos.com\/portal\/?s={search_term_string}"},"query-input":"required name=search_term_string"}],"inLanguage":"pt-PT"},{"@type":"ImageObject","@id":"https:\/\/www.tecidosexclusivos.com\/portal\/product\/255077022\/#primaryimage","inLanguage":"pt-PT","url":"https:\/\/www.tecidosexclusivos.com\/portal\/wp-content\/uploads\/2551077022-1.jpg","contentUrl":"https:\/\/www.tecidosexclusivos.com\/portal\/wp-content\/uploads\/2551077022-1.jpg","width":600,"height":800},{"@type":"WebPage","@id":"https:\/\/www.tecidosexclusivos.com\/portal\/product\/255077022\/#webpage","url":"https:\/\/www.tecidosexclusivos.com\/portal\/product\/255077022\/","name":"2551077022 - Tecidos Exclusivos | Com\u00e9rcio de Tecidos para Confec\u00e7\u00e3o","isPartOf":{"@id":"http:\/\/www.tecidosexclusivos.com\/portal\/#website"},"primaryImageOfPage":{"@id":"https:\/\/www.tecidosexclusivos.com\/portal\/product\/255077022\/#primaryimage"},"datePublished":"2024-01-04T15:34:58+00:00","dateModified":"2025-09-03T14:23:30+00:00","breadcrumb":{"@id":"https:\/\/www.tecidosexclusivos.com\/portal\/product\/255077022\/#breadcrumb"},"inLanguage":"pt-PT","potentialAction":[{"@type":"ReadAction","target":["https:\/\/www.tecidosexclusivos.com\/portal\/product\/255077022\/"]}]},{"@type":"BreadcrumbList","@id":"https:\/\/www.tecidosexclusivos.com\/portal\/product\/255077022\/#breadcrumb","itemListElement":[{"@type":"ListItem","position":1,"name":"Home","item":"http:\/\/www.tecidosexclusivos.com\/portal\/"},{"@type":"ListItem","position":2,"name":"Loja","item":"http:\/\/www.tecidosexclusivos.com\/portal\/loja\/"},{"@type":"ListItem","position":3,"name":"2551077022"}]}]}},"_links":{"self":[{"href":"https:\/\/www.tecidosexclusivos.com\/portal\/wp-json\/wp\/v2\/product\/3946","targetHints":{"allow":["GET"]}}],"collection":[{"href":"https:\/\/www.tecidosexclusivos.com\/portal\/wp-json\/wp\/v2\/product"}],"about":[{"href":"https:\/\/www.tecidosexclusivos.com\/portal\/wp-json\/wp\/v2\/types\/product"}],"replies":[{"embeddable":true,"href":"https:\/\/www.tecidosexclusivos.com\/portal\/wp-json\/wp\/v2\/comments?post=3946"}],"wp:featuredmedia":[{"embeddable":true,"href":"https:\/\/www.tecidosexclusivos.com\/portal\/wp-json\/wp\/v2\/media\/3947"}],"wp:attachment":[{"href":"https:\/\/www.tecidosexclusivos.com\/portal\/wp-json\/wp\/v2\/media?parent=3946"}],"curies":[{"name":"wp","href":"https:\/\/api.w.org\/{rel}","templated":true}]}}