{"id":4640,"date":"2024-09-10T14:04:05","date_gmt":"2024-09-10T14:04:05","guid":{"rendered":"https:\/\/www.tecidosexclusivos.com\/portal\/?post_type=product&#038;p=4640"},"modified":"2024-09-10T14:04:05","modified_gmt":"2024-09-10T14:04:05","slug":"234496001","status":"publish","type":"product","link":"https:\/\/www.tecidosexclusivos.com\/portal\/product\/234496001\/","title":{"rendered":"234496001"},"content":{"rendered":"<p>Venda de tecidos a Metro.<\/p>\n<p>PARA MAIS INFORMA\u00c7\u00d5ES CONTACTE POR:<\/p>\n<p>https:\/\/www.facebook.com\/tecidosexclusivo<\/p>\n<p>https:\/\/www.facebook.com\/confeccaofernandafernandes\/<\/p>\n<p>https:\/\/www.facebook.com\/exclusivosnaloja<br \/>\nmail:<br \/>\nloja@tecidosexclusivos.com<\/p>\n<p>Telemovel ou Watsap:<br \/>\n934951845 \/ 916500183<\/p>\n","protected":false},"excerpt":{"rendered":"<p>O tecido xadrez imita\u00e7\u00e3o de Caraculo \u00e9 uma alternativa sint\u00e9tica e acess\u00edvel ao tradicional, combinando o design cl\u00e1ssico do padr\u00e3o xadrez com a textura e o toque do Caraculo verdadeiro. Este tipo de tecido \u00e9 amplamente utilizado na confec\u00e7\u00e3o de casacos e outros artigos de moda, oferecendo uma op\u00e7\u00e3o Estilosa e Ecol\u00f3gica.<br \/>\nMaterial: Feito de fibras sint\u00e9ticas 100%PL<br \/>\nPadr\u00e3o Xadrez: O tecido incorpora um padr\u00e3o xadrez, o que o torna visualmente atrativo para Casacos de Moda, oferecendo uma combina\u00e7\u00e3o de tradi\u00e7\u00e3o e modernidade.<br \/>\nMedidas: Tecido com 1.50m de Lagura<br \/>\nCusto: O pre\u00e7o \u00e9 mais acess\u00edvel em compara\u00e7\u00e3o com a pele verdadeira, devido \u00e0 natureza sint\u00e9tica do material.<\/p>\n","protected":false},"featured_media":4641,"comment_status":"closed","ping_status":"closed","template":"","meta":[],"class_list":{"0":"post-4640","1":"product","2":"type-product","3":"status-publish","4":"has-post-thumbnail","6":"product_cat-casaco","8":"first","9":"instock","10":"shipping-taxable","11":"purchasable","12":"product-type-simple"},"yoast_head":"<!-- This site is optimized with the Yoast SEO plugin v17.9 - https:\/\/yoast.com\/wordpress\/plugins\/seo\/ -->\n<title>234496001 - Tecidos Exclusivos | Com\u00e9rcio de Tecidos para Confec\u00e7\u00e3o<\/title>\n<meta name=\"robots\" content=\"index, follow, max-snippet:-1, max-image-preview:large, max-video-preview:-1\" \/>\n<link rel=\"canonical\" href=\"https:\/\/www.tecidosexclusivos.com\/portal\/product\/234496001\/\" \/>\n<meta property=\"og:locale\" content=\"pt_PT\" \/>\n<meta property=\"og:type\" content=\"article\" \/>\n<meta property=\"og:title\" content=\"234496001 - Tecidos Exclusivos | Com\u00e9rcio de Tecidos para Confec\u00e7\u00e3o\" \/>\n<meta property=\"og:description\" content=\"O tecido xadrez imita\u00e7\u00e3o de Caraculo \u00e9 uma alternativa sint\u00e9tica e acess\u00edvel ao tradicional, combinando o design cl\u00e1ssico do padr\u00e3o xadrez com a textura e o toque do Caraculo verdadeiro. Este tipo de tecido \u00e9 amplamente utilizado na confec\u00e7\u00e3o de casacos e outros artigos de moda, oferecendo uma op\u00e7\u00e3o Estilosa e Ecol\u00f3gica. Material: Feito de fibras sint\u00e9ticas 100%PL Padr\u00e3o Xadrez: O tecido incorpora um padr\u00e3o xadrez, o que o torna visualmente atrativo para Casacos de Moda, oferecendo uma combina\u00e7\u00e3o de tradi\u00e7\u00e3o e modernidade. Medidas: Tecido com 1.50m de Lagura Custo: O pre\u00e7o \u00e9 mais acess\u00edvel em compara\u00e7\u00e3o com a pele verdadeira, devido \u00e0 natureza sint\u00e9tica do material.\" \/>\n<meta property=\"og:url\" content=\"https:\/\/www.tecidosexclusivos.com\/portal\/product\/234496001\/\" \/>\n<meta property=\"og:site_name\" content=\"Tecidos Exclusivos | Com\u00e9rcio de Tecidos para Confec\u00e7\u00e3o\" \/>\n<meta property=\"og:image\" content=\"http:\/\/www.tecidosexclusivos.com\/portal\/wp-content\/uploads\/2344996001-1.jpg\" \/>\n\t<meta property=\"og:image:width\" content=\"600\" \/>\n\t<meta property=\"og:image:height\" content=\"800\" \/>\n\t<meta property=\"og:image:type\" content=\"image\/jpeg\" \/>\n<meta name=\"twitter:card\" content=\"summary_large_image\" \/>\n<script type=\"application\/ld+json\" class=\"yoast-schema-graph\">{\"@context\":\"https:\/\/schema.org\",\"@graph\":[{\"@type\":\"WebSite\",\"@id\":\"http:\/\/www.tecidosexclusivos.com\/portal\/#website\",\"url\":\"http:\/\/www.tecidosexclusivos.com\/portal\/\",\"name\":\"Tecidos Exclusivos | Com\\u00e9rcio de Tecidos para Confec\\u00e7\\u00e3o\",\"description\":\"Com\\u00e9rcio de Tecidos para Confec\\u00e7\\u00e3o\",\"potentialAction\":[{\"@type\":\"SearchAction\",\"target\":{\"@type\":\"EntryPoint\",\"urlTemplate\":\"http:\/\/www.tecidosexclusivos.com\/portal\/?s={search_term_string}\"},\"query-input\":\"required name=search_term_string\"}],\"inLanguage\":\"pt-PT\"},{\"@type\":\"ImageObject\",\"@id\":\"https:\/\/www.tecidosexclusivos.com\/portal\/product\/234496001\/#primaryimage\",\"inLanguage\":\"pt-PT\",\"url\":\"https:\/\/www.tecidosexclusivos.com\/portal\/wp-content\/uploads\/2344996001-1.jpg\",\"contentUrl\":\"https:\/\/www.tecidosexclusivos.com\/portal\/wp-content\/uploads\/2344996001-1.jpg\",\"width\":600,\"height\":800},{\"@type\":\"WebPage\",\"@id\":\"https:\/\/www.tecidosexclusivos.com\/portal\/product\/234496001\/#webpage\",\"url\":\"https:\/\/www.tecidosexclusivos.com\/portal\/product\/234496001\/\",\"name\":\"234496001 - Tecidos Exclusivos | Com\\u00e9rcio de Tecidos para Confec\\u00e7\\u00e3o\",\"isPartOf\":{\"@id\":\"http:\/\/www.tecidosexclusivos.com\/portal\/#website\"},\"primaryImageOfPage\":{\"@id\":\"https:\/\/www.tecidosexclusivos.com\/portal\/product\/234496001\/#primaryimage\"},\"datePublished\":\"2024-09-10T14:04:05+00:00\",\"dateModified\":\"2024-09-10T14:04:05+00:00\",\"breadcrumb\":{\"@id\":\"https:\/\/www.tecidosexclusivos.com\/portal\/product\/234496001\/#breadcrumb\"},\"inLanguage\":\"pt-PT\",\"potentialAction\":[{\"@type\":\"ReadAction\",\"target\":[\"https:\/\/www.tecidosexclusivos.com\/portal\/product\/234496001\/\"]}]},{\"@type\":\"BreadcrumbList\",\"@id\":\"https:\/\/www.tecidosexclusivos.com\/portal\/product\/234496001\/#breadcrumb\",\"itemListElement\":[{\"@type\":\"ListItem\",\"position\":1,\"name\":\"Home\",\"item\":\"http:\/\/www.tecidosexclusivos.com\/portal\/\"},{\"@type\":\"ListItem\",\"position\":2,\"name\":\"Loja\",\"item\":\"http:\/\/www.tecidosexclusivos.com\/portal\/loja\/\"},{\"@type\":\"ListItem\",\"position\":3,\"name\":\"234496001\"}]}]}<\/script>\n<!-- \/ Yoast SEO plugin. -->","yoast_head_json":{"title":"234496001 - Tecidos Exclusivos | Com\u00e9rcio de Tecidos para Confec\u00e7\u00e3o","robots":{"index":"index","follow":"follow","max-snippet":"max-snippet:-1","max-image-preview":"max-image-preview:large","max-video-preview":"max-video-preview:-1"},"canonical":"https:\/\/www.tecidosexclusivos.com\/portal\/product\/234496001\/","og_locale":"pt_PT","og_type":"article","og_title":"234496001 - Tecidos Exclusivos | Com\u00e9rcio de Tecidos para Confec\u00e7\u00e3o","og_description":"O tecido xadrez imita\u00e7\u00e3o de Caraculo \u00e9 uma alternativa sint\u00e9tica e acess\u00edvel ao tradicional, combinando o design cl\u00e1ssico do padr\u00e3o xadrez com a textura e o toque do Caraculo verdadeiro. Este tipo de tecido \u00e9 amplamente utilizado na confec\u00e7\u00e3o de casacos e outros artigos de moda, oferecendo uma op\u00e7\u00e3o Estilosa e Ecol\u00f3gica. Material: Feito de fibras sint\u00e9ticas 100%PL Padr\u00e3o Xadrez: O tecido incorpora um padr\u00e3o xadrez, o que o torna visualmente atrativo para Casacos de Moda, oferecendo uma combina\u00e7\u00e3o de tradi\u00e7\u00e3o e modernidade. Medidas: Tecido com 1.50m de Lagura Custo: O pre\u00e7o \u00e9 mais acess\u00edvel em compara\u00e7\u00e3o com a pele verdadeira, devido \u00e0 natureza sint\u00e9tica do material.","og_url":"https:\/\/www.tecidosexclusivos.com\/portal\/product\/234496001\/","og_site_name":"Tecidos Exclusivos | Com\u00e9rcio de Tecidos para Confec\u00e7\u00e3o","og_image":[{"width":600,"height":800,"url":"http:\/\/www.tecidosexclusivos.com\/portal\/wp-content\/uploads\/2344996001-1.jpg","type":"image\/jpeg"}],"twitter_card":"summary_large_image","schema":{"@context":"https:\/\/schema.org","@graph":[{"@type":"WebSite","@id":"http:\/\/www.tecidosexclusivos.com\/portal\/#website","url":"http:\/\/www.tecidosexclusivos.com\/portal\/","name":"Tecidos Exclusivos | Com\u00e9rcio de Tecidos para Confec\u00e7\u00e3o","description":"Com\u00e9rcio de Tecidos para Confec\u00e7\u00e3o","potentialAction":[{"@type":"SearchAction","target":{"@type":"EntryPoint","urlTemplate":"http:\/\/www.tecidosexclusivos.com\/portal\/?s={search_term_string}"},"query-input":"required name=search_term_string"}],"inLanguage":"pt-PT"},{"@type":"ImageObject","@id":"https:\/\/www.tecidosexclusivos.com\/portal\/product\/234496001\/#primaryimage","inLanguage":"pt-PT","url":"https:\/\/www.tecidosexclusivos.com\/portal\/wp-content\/uploads\/2344996001-1.jpg","contentUrl":"https:\/\/www.tecidosexclusivos.com\/portal\/wp-content\/uploads\/2344996001-1.jpg","width":600,"height":800},{"@type":"WebPage","@id":"https:\/\/www.tecidosexclusivos.com\/portal\/product\/234496001\/#webpage","url":"https:\/\/www.tecidosexclusivos.com\/portal\/product\/234496001\/","name":"234496001 - Tecidos Exclusivos | Com\u00e9rcio de Tecidos para Confec\u00e7\u00e3o","isPartOf":{"@id":"http:\/\/www.tecidosexclusivos.com\/portal\/#website"},"primaryImageOfPage":{"@id":"https:\/\/www.tecidosexclusivos.com\/portal\/product\/234496001\/#primaryimage"},"datePublished":"2024-09-10T14:04:05+00:00","dateModified":"2024-09-10T14:04:05+00:00","breadcrumb":{"@id":"https:\/\/www.tecidosexclusivos.com\/portal\/product\/234496001\/#breadcrumb"},"inLanguage":"pt-PT","potentialAction":[{"@type":"ReadAction","target":["https:\/\/www.tecidosexclusivos.com\/portal\/product\/234496001\/"]}]},{"@type":"BreadcrumbList","@id":"https:\/\/www.tecidosexclusivos.com\/portal\/product\/234496001\/#breadcrumb","itemListElement":[{"@type":"ListItem","position":1,"name":"Home","item":"http:\/\/www.tecidosexclusivos.com\/portal\/"},{"@type":"ListItem","position":2,"name":"Loja","item":"http:\/\/www.tecidosexclusivos.com\/portal\/loja\/"},{"@type":"ListItem","position":3,"name":"234496001"}]}]}},"_links":{"self":[{"href":"https:\/\/www.tecidosexclusivos.com\/portal\/wp-json\/wp\/v2\/product\/4640","targetHints":{"allow":["GET"]}}],"collection":[{"href":"https:\/\/www.tecidosexclusivos.com\/portal\/wp-json\/wp\/v2\/product"}],"about":[{"href":"https:\/\/www.tecidosexclusivos.com\/portal\/wp-json\/wp\/v2\/types\/product"}],"replies":[{"embeddable":true,"href":"https:\/\/www.tecidosexclusivos.com\/portal\/wp-json\/wp\/v2\/comments?post=4640"}],"wp:featuredmedia":[{"embeddable":true,"href":"https:\/\/www.tecidosexclusivos.com\/portal\/wp-json\/wp\/v2\/media\/4641"}],"wp:attachment":[{"href":"https:\/\/www.tecidosexclusivos.com\/portal\/wp-json\/wp\/v2\/media?parent=4640"}],"curies":[{"name":"wp","href":"https:\/\/api.w.org\/{rel}","templated":true}]}}