{"id":4780,"date":"2025-02-08T13:30:08","date_gmt":"2025-02-08T13:30:08","guid":{"rendered":"https:\/\/www.tecidosexclusivos.com\/portal\/?post_type=product&#038;p=4780"},"modified":"2025-02-08T13:30:09","modified_gmt":"2025-02-08T13:30:09","slug":"554385000","status":"publish","type":"product","link":"https:\/\/www.tecidosexclusivos.com\/portal\/product\/554385000\/","title":{"rendered":"554385000"},"content":{"rendered":"<p>  Este tecido com padr\u00e3o de fios misturados em tons suaves, criando uma textura interessante. o tecido &#8220;CHANEL `CADENA`&#8221; \u00e9  um tecido de alta qualidade, t\u00edpico de respirabilidade. Tecido fresco e confort\u00e1vel para uso prolongado. Resistente, dur\u00e1vel e de f\u00e1cil manuten\u00e7\u00e3o.\u00c9 ideal para confec\u00e7\u00e3o de roupas de alta costura ou vestu\u00e1rio mais formal.<\/p>\n","protected":false},"excerpt":{"rendered":"<p>Este tecido com padr\u00e3o de fios misturados em tons suaves, criando uma textura interessante. o tecido &#8220;CHANEL `CADENA`&#8221; \u00e9 um tecido de alta qualidade, t\u00edpico de respirabilidade. Tecido fresco e confort\u00e1vel para uso prolongado. Resistente, dur\u00e1vel e de f\u00e1cil manuten\u00e7\u00e3o.\u00c9 ideal para confec\u00e7\u00e3o de roupas de alta costura ou vestu\u00e1rio mais formal.<\/p>\n","protected":false},"featured_media":4781,"comment_status":"closed","ping_status":"closed","template":"","meta":[],"class_list":{"0":"post-4780","1":"product","2":"type-product","3":"status-publish","4":"has-post-thumbnail","6":"product_cat-cadena","8":"first","9":"instock","10":"shipping-taxable","11":"purchasable","12":"product-type-simple"},"yoast_head":"<!-- This site is optimized with the Yoast SEO plugin v17.9 - https:\/\/yoast.com\/wordpress\/plugins\/seo\/ -->\n<title>554385000 - Tecidos Exclusivos | Com\u00e9rcio de Tecidos para Confec\u00e7\u00e3o<\/title>\n<meta name=\"robots\" content=\"index, follow, max-snippet:-1, max-image-preview:large, max-video-preview:-1\" \/>\n<link rel=\"canonical\" href=\"https:\/\/www.tecidosexclusivos.com\/portal\/product\/554385000\/\" \/>\n<meta property=\"og:locale\" content=\"pt_PT\" \/>\n<meta property=\"og:type\" content=\"article\" \/>\n<meta property=\"og:title\" content=\"554385000 - Tecidos Exclusivos | Com\u00e9rcio de Tecidos para Confec\u00e7\u00e3o\" \/>\n<meta property=\"og:description\" content=\"Este tecido com padr\u00e3o de fios misturados em tons suaves, criando uma textura interessante. o tecido &#8220;CHANEL `CADENA`&#8221; \u00e9 um tecido de alta qualidade, t\u00edpico de respirabilidade. Tecido fresco e confort\u00e1vel para uso prolongado. Resistente, dur\u00e1vel e de f\u00e1cil manuten\u00e7\u00e3o.\u00c9 ideal para confec\u00e7\u00e3o de roupas de alta costura ou vestu\u00e1rio mais formal.\" \/>\n<meta property=\"og:url\" content=\"https:\/\/www.tecidosexclusivos.com\/portal\/product\/554385000\/\" \/>\n<meta property=\"og:site_name\" content=\"Tecidos Exclusivos | Com\u00e9rcio de Tecidos para Confec\u00e7\u00e3o\" \/>\n<meta property=\"article:modified_time\" content=\"2025-02-08T13:30:09+00:00\" \/>\n<meta property=\"og:image\" content=\"http:\/\/www.tecidosexclusivos.com\/portal\/wp-content\/uploads\/5543850002.jpg\" \/>\n\t<meta property=\"og:image:width\" content=\"612\" \/>\n\t<meta property=\"og:image:height\" content=\"816\" \/>\n\t<meta property=\"og:image:type\" content=\"image\/jpeg\" \/>\n<meta name=\"twitter:card\" content=\"summary_large_image\" \/>\n<script type=\"application\/ld+json\" class=\"yoast-schema-graph\">{\"@context\":\"https:\/\/schema.org\",\"@graph\":[{\"@type\":\"WebSite\",\"@id\":\"http:\/\/www.tecidosexclusivos.com\/portal\/#website\",\"url\":\"http:\/\/www.tecidosexclusivos.com\/portal\/\",\"name\":\"Tecidos Exclusivos | Com\\u00e9rcio de Tecidos para Confec\\u00e7\\u00e3o\",\"description\":\"Com\\u00e9rcio de Tecidos para Confec\\u00e7\\u00e3o\",\"potentialAction\":[{\"@type\":\"SearchAction\",\"target\":{\"@type\":\"EntryPoint\",\"urlTemplate\":\"http:\/\/www.tecidosexclusivos.com\/portal\/?s={search_term_string}\"},\"query-input\":\"required name=search_term_string\"}],\"inLanguage\":\"pt-PT\"},{\"@type\":\"ImageObject\",\"@id\":\"https:\/\/www.tecidosexclusivos.com\/portal\/product\/554385000\/#primaryimage\",\"inLanguage\":\"pt-PT\",\"url\":\"https:\/\/www.tecidosexclusivos.com\/portal\/wp-content\/uploads\/5543850002.jpg\",\"contentUrl\":\"https:\/\/www.tecidosexclusivos.com\/portal\/wp-content\/uploads\/5543850002.jpg\",\"width\":612,\"height\":816},{\"@type\":\"WebPage\",\"@id\":\"https:\/\/www.tecidosexclusivos.com\/portal\/product\/554385000\/#webpage\",\"url\":\"https:\/\/www.tecidosexclusivos.com\/portal\/product\/554385000\/\",\"name\":\"554385000 - Tecidos Exclusivos | Com\\u00e9rcio de Tecidos para Confec\\u00e7\\u00e3o\",\"isPartOf\":{\"@id\":\"http:\/\/www.tecidosexclusivos.com\/portal\/#website\"},\"primaryImageOfPage\":{\"@id\":\"https:\/\/www.tecidosexclusivos.com\/portal\/product\/554385000\/#primaryimage\"},\"datePublished\":\"2025-02-08T13:30:08+00:00\",\"dateModified\":\"2025-02-08T13:30:09+00:00\",\"breadcrumb\":{\"@id\":\"https:\/\/www.tecidosexclusivos.com\/portal\/product\/554385000\/#breadcrumb\"},\"inLanguage\":\"pt-PT\",\"potentialAction\":[{\"@type\":\"ReadAction\",\"target\":[\"https:\/\/www.tecidosexclusivos.com\/portal\/product\/554385000\/\"]}]},{\"@type\":\"BreadcrumbList\",\"@id\":\"https:\/\/www.tecidosexclusivos.com\/portal\/product\/554385000\/#breadcrumb\",\"itemListElement\":[{\"@type\":\"ListItem\",\"position\":1,\"name\":\"Home\",\"item\":\"http:\/\/www.tecidosexclusivos.com\/portal\/\"},{\"@type\":\"ListItem\",\"position\":2,\"name\":\"Loja\",\"item\":\"http:\/\/www.tecidosexclusivos.com\/portal\/loja\/\"},{\"@type\":\"ListItem\",\"position\":3,\"name\":\"554385000\"}]}]}<\/script>\n<!-- \/ Yoast SEO plugin. -->","yoast_head_json":{"title":"554385000 - Tecidos Exclusivos | Com\u00e9rcio de Tecidos para Confec\u00e7\u00e3o","robots":{"index":"index","follow":"follow","max-snippet":"max-snippet:-1","max-image-preview":"max-image-preview:large","max-video-preview":"max-video-preview:-1"},"canonical":"https:\/\/www.tecidosexclusivos.com\/portal\/product\/554385000\/","og_locale":"pt_PT","og_type":"article","og_title":"554385000 - Tecidos Exclusivos | Com\u00e9rcio de Tecidos para Confec\u00e7\u00e3o","og_description":"Este tecido com padr\u00e3o de fios misturados em tons suaves, criando uma textura interessante. o tecido &#8220;CHANEL `CADENA`&#8221; \u00e9 um tecido de alta qualidade, t\u00edpico de respirabilidade. Tecido fresco e confort\u00e1vel para uso prolongado. Resistente, dur\u00e1vel e de f\u00e1cil manuten\u00e7\u00e3o.\u00c9 ideal para confec\u00e7\u00e3o de roupas de alta costura ou vestu\u00e1rio mais formal.","og_url":"https:\/\/www.tecidosexclusivos.com\/portal\/product\/554385000\/","og_site_name":"Tecidos Exclusivos | Com\u00e9rcio de Tecidos para Confec\u00e7\u00e3o","article_modified_time":"2025-02-08T13:30:09+00:00","og_image":[{"width":612,"height":816,"url":"http:\/\/www.tecidosexclusivos.com\/portal\/wp-content\/uploads\/5543850002.jpg","type":"image\/jpeg"}],"twitter_card":"summary_large_image","schema":{"@context":"https:\/\/schema.org","@graph":[{"@type":"WebSite","@id":"http:\/\/www.tecidosexclusivos.com\/portal\/#website","url":"http:\/\/www.tecidosexclusivos.com\/portal\/","name":"Tecidos Exclusivos | Com\u00e9rcio de Tecidos para Confec\u00e7\u00e3o","description":"Com\u00e9rcio de Tecidos para Confec\u00e7\u00e3o","potentialAction":[{"@type":"SearchAction","target":{"@type":"EntryPoint","urlTemplate":"http:\/\/www.tecidosexclusivos.com\/portal\/?s={search_term_string}"},"query-input":"required name=search_term_string"}],"inLanguage":"pt-PT"},{"@type":"ImageObject","@id":"https:\/\/www.tecidosexclusivos.com\/portal\/product\/554385000\/#primaryimage","inLanguage":"pt-PT","url":"https:\/\/www.tecidosexclusivos.com\/portal\/wp-content\/uploads\/5543850002.jpg","contentUrl":"https:\/\/www.tecidosexclusivos.com\/portal\/wp-content\/uploads\/5543850002.jpg","width":612,"height":816},{"@type":"WebPage","@id":"https:\/\/www.tecidosexclusivos.com\/portal\/product\/554385000\/#webpage","url":"https:\/\/www.tecidosexclusivos.com\/portal\/product\/554385000\/","name":"554385000 - Tecidos Exclusivos | Com\u00e9rcio de Tecidos para Confec\u00e7\u00e3o","isPartOf":{"@id":"http:\/\/www.tecidosexclusivos.com\/portal\/#website"},"primaryImageOfPage":{"@id":"https:\/\/www.tecidosexclusivos.com\/portal\/product\/554385000\/#primaryimage"},"datePublished":"2025-02-08T13:30:08+00:00","dateModified":"2025-02-08T13:30:09+00:00","breadcrumb":{"@id":"https:\/\/www.tecidosexclusivos.com\/portal\/product\/554385000\/#breadcrumb"},"inLanguage":"pt-PT","potentialAction":[{"@type":"ReadAction","target":["https:\/\/www.tecidosexclusivos.com\/portal\/product\/554385000\/"]}]},{"@type":"BreadcrumbList","@id":"https:\/\/www.tecidosexclusivos.com\/portal\/product\/554385000\/#breadcrumb","itemListElement":[{"@type":"ListItem","position":1,"name":"Home","item":"http:\/\/www.tecidosexclusivos.com\/portal\/"},{"@type":"ListItem","position":2,"name":"Loja","item":"http:\/\/www.tecidosexclusivos.com\/portal\/loja\/"},{"@type":"ListItem","position":3,"name":"554385000"}]}]}},"_links":{"self":[{"href":"https:\/\/www.tecidosexclusivos.com\/portal\/wp-json\/wp\/v2\/product\/4780","targetHints":{"allow":["GET"]}}],"collection":[{"href":"https:\/\/www.tecidosexclusivos.com\/portal\/wp-json\/wp\/v2\/product"}],"about":[{"href":"https:\/\/www.tecidosexclusivos.com\/portal\/wp-json\/wp\/v2\/types\/product"}],"replies":[{"embeddable":true,"href":"https:\/\/www.tecidosexclusivos.com\/portal\/wp-json\/wp\/v2\/comments?post=4780"}],"wp:featuredmedia":[{"embeddable":true,"href":"https:\/\/www.tecidosexclusivos.com\/portal\/wp-json\/wp\/v2\/media\/4781"}],"wp:attachment":[{"href":"https:\/\/www.tecidosexclusivos.com\/portal\/wp-json\/wp\/v2\/media?parent=4780"}],"curies":[{"name":"wp","href":"https:\/\/api.w.org\/{rel}","templated":true}]}}