{"id":4823,"date":"2025-08-20T06:57:16","date_gmt":"2025-08-20T06:57:16","guid":{"rendered":"https:\/\/www.tecidosexclusivos.com\/portal\/?post_type=product&#038;p=4823"},"modified":"2025-08-20T07:08:27","modified_gmt":"2025-08-20T07:08:27","slug":"3005580002","status":"publish","type":"product","link":"https:\/\/www.tecidosexclusivos.com\/portal\/product\/3005580002\/","title":{"rendered":"3005580002"},"content":{"rendered":"<p><img loading=\"lazy\" decoding=\"async\" src=\"http:\/\/www.tecidosexclusivos.com\/portal\/wp-content\/uploads\/Dados-2-300x246.jpg\" alt=\"\" width=\"300\" height=\"246\" class=\"alignnone size-medium wp-image-4809\" srcset=\"https:\/\/www.tecidosexclusivos.com\/portal\/wp-content\/uploads\/Dados-2-300x246.jpg 300w, https:\/\/www.tecidosexclusivos.com\/portal\/wp-content\/uploads\/Dados-2.jpg 505w\" sizes=\"auto, (max-width: 300px) 100vw, 300px\" \/><\/p>\n","protected":false},"excerpt":{"rendered":"<p>Esta mistura de fibras d\u00e1 origem a um tecido tipo Chanel, utilizado no vestu\u00e1rio feminino, especialmente em:<\/p>\n<p>Casacos e blazers elegantes<\/p>\n<p>Saias e vestidos estruturados<\/p>\n<p>Conjuntos cl\u00e1ssicos inspirados no estilo Chanel<\/p>\n<p>Pe\u00e7as de moda outono\/inverno, devido ao toque quente da l\u00e3<\/p>\n<p>\u2714\ufe0f Caracter\u00edsticas:<\/p>\n<p>Textura encorpada, mas com algum conforto<\/p>\n<p>Boa resist\u00eancia devido ao poli\u00e9ster<\/p>\n<p>Toque suave da l\u00e3 virgem<\/p>\n<p>Est\u00e9tica sofisticada, ideal para moda cl\u00e1ssica e formal<\/p>\n","protected":false},"featured_media":4824,"comment_status":"closed","ping_status":"closed","template":"","meta":[],"class_list":{"0":"post-4823","1":"product","2":"type-product","3":"status-publish","4":"has-post-thumbnail","6":"product_cat-cartazes","7":"product_cat-chanel","9":"first","10":"instock","11":"shipping-taxable","12":"product-type-simple"},"yoast_head":"<!-- This site is optimized with the Yoast SEO plugin v17.9 - https:\/\/yoast.com\/wordpress\/plugins\/seo\/ -->\n<title>3005580002 - Tecidos Exclusivos | Com\u00e9rcio de Tecidos para Confec\u00e7\u00e3o<\/title>\n<meta name=\"robots\" content=\"index, follow, max-snippet:-1, max-image-preview:large, max-video-preview:-1\" \/>\n<link rel=\"canonical\" href=\"https:\/\/www.tecidosexclusivos.com\/portal\/product\/3005580002\/\" \/>\n<meta property=\"og:locale\" content=\"pt_PT\" \/>\n<meta property=\"og:type\" content=\"article\" \/>\n<meta property=\"og:title\" content=\"3005580002 - Tecidos Exclusivos | Com\u00e9rcio de Tecidos para Confec\u00e7\u00e3o\" \/>\n<meta property=\"og:description\" content=\"Esta mistura de fibras d\u00e1 origem a um tecido tipo Chanel, utilizado no vestu\u00e1rio feminino, especialmente em:  Casacos e blazers elegantes  Saias e vestidos estruturados  Conjuntos cl\u00e1ssicos inspirados no estilo Chanel  Pe\u00e7as de moda outono\/inverno, devido ao toque quente da l\u00e3  \u2714\ufe0f Caracter\u00edsticas:  Textura encorpada, mas com algum conforto  Boa resist\u00eancia devido ao poli\u00e9ster  Toque suave da l\u00e3 virgem  Est\u00e9tica sofisticada, ideal para moda cl\u00e1ssica e formal\" \/>\n<meta property=\"og:url\" content=\"https:\/\/www.tecidosexclusivos.com\/portal\/product\/3005580002\/\" \/>\n<meta property=\"og:site_name\" content=\"Tecidos Exclusivos | Com\u00e9rcio de Tecidos para Confec\u00e7\u00e3o\" \/>\n<meta property=\"article:modified_time\" content=\"2025-08-20T07:08:27+00:00\" \/>\n<meta property=\"og:image\" content=\"http:\/\/www.tecidosexclusivos.com\/portal\/wp-content\/uploads\/3005580002-1.jpg\" \/>\n\t<meta property=\"og:image:width\" content=\"612\" \/>\n\t<meta property=\"og:image:height\" content=\"816\" \/>\n\t<meta property=\"og:image:type\" content=\"image\/jpeg\" \/>\n<meta name=\"twitter:card\" content=\"summary_large_image\" \/>\n<script type=\"application\/ld+json\" class=\"yoast-schema-graph\">{\"@context\":\"https:\/\/schema.org\",\"@graph\":[{\"@type\":\"WebSite\",\"@id\":\"http:\/\/www.tecidosexclusivos.com\/portal\/#website\",\"url\":\"http:\/\/www.tecidosexclusivos.com\/portal\/\",\"name\":\"Tecidos Exclusivos | Com\\u00e9rcio de Tecidos para Confec\\u00e7\\u00e3o\",\"description\":\"Com\\u00e9rcio de Tecidos para Confec\\u00e7\\u00e3o\",\"potentialAction\":[{\"@type\":\"SearchAction\",\"target\":{\"@type\":\"EntryPoint\",\"urlTemplate\":\"http:\/\/www.tecidosexclusivos.com\/portal\/?s={search_term_string}\"},\"query-input\":\"required name=search_term_string\"}],\"inLanguage\":\"pt-PT\"},{\"@type\":\"ImageObject\",\"@id\":\"https:\/\/www.tecidosexclusivos.com\/portal\/product\/3005580002\/#primaryimage\",\"inLanguage\":\"pt-PT\",\"url\":\"https:\/\/www.tecidosexclusivos.com\/portal\/wp-content\/uploads\/3005580002-1.jpg\",\"contentUrl\":\"https:\/\/www.tecidosexclusivos.com\/portal\/wp-content\/uploads\/3005580002-1.jpg\",\"width\":612,\"height\":816},{\"@type\":\"WebPage\",\"@id\":\"https:\/\/www.tecidosexclusivos.com\/portal\/product\/3005580002\/#webpage\",\"url\":\"https:\/\/www.tecidosexclusivos.com\/portal\/product\/3005580002\/\",\"name\":\"3005580002 - Tecidos Exclusivos | Com\\u00e9rcio de Tecidos para Confec\\u00e7\\u00e3o\",\"isPartOf\":{\"@id\":\"http:\/\/www.tecidosexclusivos.com\/portal\/#website\"},\"primaryImageOfPage\":{\"@id\":\"https:\/\/www.tecidosexclusivos.com\/portal\/product\/3005580002\/#primaryimage\"},\"datePublished\":\"2025-08-20T06:57:16+00:00\",\"dateModified\":\"2025-08-20T07:08:27+00:00\",\"breadcrumb\":{\"@id\":\"https:\/\/www.tecidosexclusivos.com\/portal\/product\/3005580002\/#breadcrumb\"},\"inLanguage\":\"pt-PT\",\"potentialAction\":[{\"@type\":\"ReadAction\",\"target\":[\"https:\/\/www.tecidosexclusivos.com\/portal\/product\/3005580002\/\"]}]},{\"@type\":\"BreadcrumbList\",\"@id\":\"https:\/\/www.tecidosexclusivos.com\/portal\/product\/3005580002\/#breadcrumb\",\"itemListElement\":[{\"@type\":\"ListItem\",\"position\":1,\"name\":\"Home\",\"item\":\"http:\/\/www.tecidosexclusivos.com\/portal\/\"},{\"@type\":\"ListItem\",\"position\":2,\"name\":\"Loja\",\"item\":\"http:\/\/www.tecidosexclusivos.com\/portal\/loja\/\"},{\"@type\":\"ListItem\",\"position\":3,\"name\":\"3005580002\"}]}]}<\/script>\n<!-- \/ Yoast SEO plugin. -->","yoast_head_json":{"title":"3005580002 - Tecidos Exclusivos | Com\u00e9rcio de Tecidos para Confec\u00e7\u00e3o","robots":{"index":"index","follow":"follow","max-snippet":"max-snippet:-1","max-image-preview":"max-image-preview:large","max-video-preview":"max-video-preview:-1"},"canonical":"https:\/\/www.tecidosexclusivos.com\/portal\/product\/3005580002\/","og_locale":"pt_PT","og_type":"article","og_title":"3005580002 - Tecidos Exclusivos | Com\u00e9rcio de Tecidos para Confec\u00e7\u00e3o","og_description":"Esta mistura de fibras d\u00e1 origem a um tecido tipo Chanel, utilizado no vestu\u00e1rio feminino, especialmente em:  Casacos e blazers elegantes  Saias e vestidos estruturados  Conjuntos cl\u00e1ssicos inspirados no estilo Chanel  Pe\u00e7as de moda outono\/inverno, devido ao toque quente da l\u00e3  \u2714\ufe0f Caracter\u00edsticas:  Textura encorpada, mas com algum conforto  Boa resist\u00eancia devido ao poli\u00e9ster  Toque suave da l\u00e3 virgem  Est\u00e9tica sofisticada, ideal para moda cl\u00e1ssica e formal","og_url":"https:\/\/www.tecidosexclusivos.com\/portal\/product\/3005580002\/","og_site_name":"Tecidos Exclusivos | Com\u00e9rcio de Tecidos para Confec\u00e7\u00e3o","article_modified_time":"2025-08-20T07:08:27+00:00","og_image":[{"width":612,"height":816,"url":"http:\/\/www.tecidosexclusivos.com\/portal\/wp-content\/uploads\/3005580002-1.jpg","type":"image\/jpeg"}],"twitter_card":"summary_large_image","schema":{"@context":"https:\/\/schema.org","@graph":[{"@type":"WebSite","@id":"http:\/\/www.tecidosexclusivos.com\/portal\/#website","url":"http:\/\/www.tecidosexclusivos.com\/portal\/","name":"Tecidos Exclusivos | Com\u00e9rcio de Tecidos para Confec\u00e7\u00e3o","description":"Com\u00e9rcio de Tecidos para Confec\u00e7\u00e3o","potentialAction":[{"@type":"SearchAction","target":{"@type":"EntryPoint","urlTemplate":"http:\/\/www.tecidosexclusivos.com\/portal\/?s={search_term_string}"},"query-input":"required name=search_term_string"}],"inLanguage":"pt-PT"},{"@type":"ImageObject","@id":"https:\/\/www.tecidosexclusivos.com\/portal\/product\/3005580002\/#primaryimage","inLanguage":"pt-PT","url":"https:\/\/www.tecidosexclusivos.com\/portal\/wp-content\/uploads\/3005580002-1.jpg","contentUrl":"https:\/\/www.tecidosexclusivos.com\/portal\/wp-content\/uploads\/3005580002-1.jpg","width":612,"height":816},{"@type":"WebPage","@id":"https:\/\/www.tecidosexclusivos.com\/portal\/product\/3005580002\/#webpage","url":"https:\/\/www.tecidosexclusivos.com\/portal\/product\/3005580002\/","name":"3005580002 - Tecidos Exclusivos | Com\u00e9rcio de Tecidos para Confec\u00e7\u00e3o","isPartOf":{"@id":"http:\/\/www.tecidosexclusivos.com\/portal\/#website"},"primaryImageOfPage":{"@id":"https:\/\/www.tecidosexclusivos.com\/portal\/product\/3005580002\/#primaryimage"},"datePublished":"2025-08-20T06:57:16+00:00","dateModified":"2025-08-20T07:08:27+00:00","breadcrumb":{"@id":"https:\/\/www.tecidosexclusivos.com\/portal\/product\/3005580002\/#breadcrumb"},"inLanguage":"pt-PT","potentialAction":[{"@type":"ReadAction","target":["https:\/\/www.tecidosexclusivos.com\/portal\/product\/3005580002\/"]}]},{"@type":"BreadcrumbList","@id":"https:\/\/www.tecidosexclusivos.com\/portal\/product\/3005580002\/#breadcrumb","itemListElement":[{"@type":"ListItem","position":1,"name":"Home","item":"http:\/\/www.tecidosexclusivos.com\/portal\/"},{"@type":"ListItem","position":2,"name":"Loja","item":"http:\/\/www.tecidosexclusivos.com\/portal\/loja\/"},{"@type":"ListItem","position":3,"name":"3005580002"}]}]}},"_links":{"self":[{"href":"https:\/\/www.tecidosexclusivos.com\/portal\/wp-json\/wp\/v2\/product\/4823","targetHints":{"allow":["GET"]}}],"collection":[{"href":"https:\/\/www.tecidosexclusivos.com\/portal\/wp-json\/wp\/v2\/product"}],"about":[{"href":"https:\/\/www.tecidosexclusivos.com\/portal\/wp-json\/wp\/v2\/types\/product"}],"replies":[{"embeddable":true,"href":"https:\/\/www.tecidosexclusivos.com\/portal\/wp-json\/wp\/v2\/comments?post=4823"}],"wp:featuredmedia":[{"embeddable":true,"href":"https:\/\/www.tecidosexclusivos.com\/portal\/wp-json\/wp\/v2\/media\/4824"}],"wp:attachment":[{"href":"https:\/\/www.tecidosexclusivos.com\/portal\/wp-json\/wp\/v2\/media?parent=4823"}],"curies":[{"name":"wp","href":"https:\/\/api.w.org\/{rel}","templated":true}]}}