{"id":4839,"date":"2025-08-29T16:50:54","date_gmt":"2025-08-29T16:50:54","guid":{"rendered":"https:\/\/www.tecidosexclusivos.com\/portal\/?post_type=product&#038;p=4839"},"modified":"2025-08-29T16:50:54","modified_gmt":"2025-08-29T16:50:54","slug":"2209646001","status":"publish","type":"product","link":"https:\/\/www.tecidosexclusivos.com\/portal\/product\/2209646001\/","title":{"rendered":"2209646001"},"content":{"rendered":"<p><img loading=\"lazy\" decoding=\"async\" src=\"http:\/\/www.tecidosexclusivos.com\/portal\/wp-content\/uploads\/Dados-2-300x246.jpg\" alt=\"\" width=\"300\" height=\"246\" class=\"alignnone size-medium wp-image-4809\" srcset=\"https:\/\/www.tecidosexclusivos.com\/portal\/wp-content\/uploads\/Dados-2-300x246.jpg 300w, https:\/\/www.tecidosexclusivos.com\/portal\/wp-content\/uploads\/Dados-2.jpg 505w\" sizes=\"auto, (max-width: 300px) 100vw, 300px\" \/><\/p>\n","protected":false},"excerpt":{"rendered":"<p><img loading=\"lazy\" decoding=\"async\" src=\"http:\/\/www.tecidosexclusivos.com\/portal\/wp-content\/uploads\/VESTIDO-200x300.jpg\" alt=\"\" width=\"200\" height=\"300\" class=\"alignnone size-medium wp-image-4838\" srcset=\"https:\/\/www.tecidosexclusivos.com\/portal\/wp-content\/uploads\/VESTIDO-200x300.jpg 200w, https:\/\/www.tecidosexclusivos.com\/portal\/wp-content\/uploads\/VESTIDO-683x1024.jpg 683w, https:\/\/www.tecidosexclusivos.com\/portal\/wp-content\/uploads\/VESTIDO-768x1152.jpg 768w, https:\/\/www.tecidosexclusivos.com\/portal\/wp-content\/uploads\/VESTIDO-600x900.jpg 600w, https:\/\/www.tecidosexclusivos.com\/portal\/wp-content\/uploads\/VESTIDO.jpg 819w\" sizes=\"auto, (max-width: 200px) 100vw, 200px\" \/><\/p>\n<p>Tipo: Malha Jacquard.<\/p>\n<p>Elasticidade: Sim, devido ao elastano \u2192 d\u00e1 conforto e permite pe\u00e7as ajustadas.<\/p>\n<p>Toque: Macio, com alguma estrutura mas sem ser r\u00edgido.<\/p>\n<p>Caimento: M\u00e9dio, n\u00e3o \u00e9 totalmente fluido, mas acompanha o corpo.<\/p>\n<p>\ud83c\udfaf Principais usos<\/p>\n<p>Vestidos de cerim\u00f3nia (curtos ou m\u00e9dios, ajustados ao corpo ou evas\u00e9).<\/p>\n<p>Vestidos casuais \u2192 o relevo d\u00e1 gra\u00e7a sem precisar de estampa.<\/p>\n<p>Saias l\u00e1pis ou rodadas.<\/p>\n<p>Blusas e t\u00fanicas mais estruturadas.<\/p>\n","protected":false},"featured_media":4835,"comment_status":"closed","ping_status":"closed","template":"","meta":[],"class_list":{"0":"post-4839","1":"product","2":"type-product","3":"status-publish","4":"has-post-thumbnail","6":"product_cat-malha","8":"first","9":"instock","10":"shipping-taxable","11":"product-type-simple"},"yoast_head":"<!-- This site is optimized with the Yoast SEO plugin v17.9 - https:\/\/yoast.com\/wordpress\/plugins\/seo\/ -->\n<title>2209646001 - Tecidos Exclusivos | Com\u00e9rcio de Tecidos para Confec\u00e7\u00e3o<\/title>\n<meta name=\"robots\" content=\"index, follow, max-snippet:-1, max-image-preview:large, max-video-preview:-1\" \/>\n<link rel=\"canonical\" href=\"https:\/\/www.tecidosexclusivos.com\/portal\/product\/2209646001\/\" \/>\n<meta property=\"og:locale\" content=\"pt_PT\" \/>\n<meta property=\"og:type\" content=\"article\" \/>\n<meta property=\"og:title\" content=\"2209646001 - Tecidos Exclusivos | Com\u00e9rcio de Tecidos para Confec\u00e7\u00e3o\" \/>\n<meta property=\"og:description\" content=\"Tipo: Malha Jacquard.  Elasticidade: Sim, devido ao elastano \u2192 d\u00e1 conforto e permite pe\u00e7as ajustadas.  Toque: Macio, com alguma estrutura mas sem ser r\u00edgido.  Caimento: M\u00e9dio, n\u00e3o \u00e9 totalmente fluido, mas acompanha o corpo.  \ud83c\udfaf Principais usos  Vestidos de cerim\u00f3nia (curtos ou m\u00e9dios, ajustados ao corpo ou evas\u00e9).  Vestidos casuais \u2192 o relevo d\u00e1 gra\u00e7a sem precisar de estampa.  Saias l\u00e1pis ou rodadas.  Blusas e t\u00fanicas mais estruturadas.\" \/>\n<meta property=\"og:url\" content=\"https:\/\/www.tecidosexclusivos.com\/portal\/product\/2209646001\/\" \/>\n<meta property=\"og:site_name\" content=\"Tecidos Exclusivos | Com\u00e9rcio de Tecidos para Confec\u00e7\u00e3o\" \/>\n<meta property=\"og:image\" content=\"http:\/\/www.tecidosexclusivos.com\/portal\/wp-content\/uploads\/2209646001.jpg\" \/>\n\t<meta property=\"og:image:width\" content=\"612\" \/>\n\t<meta property=\"og:image:height\" content=\"816\" \/>\n\t<meta property=\"og:image:type\" content=\"image\/jpeg\" \/>\n<meta name=\"twitter:card\" content=\"summary_large_image\" \/>\n<script type=\"application\/ld+json\" class=\"yoast-schema-graph\">{\"@context\":\"https:\/\/schema.org\",\"@graph\":[{\"@type\":\"WebSite\",\"@id\":\"http:\/\/www.tecidosexclusivos.com\/portal\/#website\",\"url\":\"http:\/\/www.tecidosexclusivos.com\/portal\/\",\"name\":\"Tecidos Exclusivos | Com\\u00e9rcio de Tecidos para Confec\\u00e7\\u00e3o\",\"description\":\"Com\\u00e9rcio de Tecidos para Confec\\u00e7\\u00e3o\",\"potentialAction\":[{\"@type\":\"SearchAction\",\"target\":{\"@type\":\"EntryPoint\",\"urlTemplate\":\"http:\/\/www.tecidosexclusivos.com\/portal\/?s={search_term_string}\"},\"query-input\":\"required name=search_term_string\"}],\"inLanguage\":\"pt-PT\"},{\"@type\":\"ImageObject\",\"@id\":\"https:\/\/www.tecidosexclusivos.com\/portal\/product\/2209646001\/#primaryimage\",\"inLanguage\":\"pt-PT\",\"url\":\"https:\/\/www.tecidosexclusivos.com\/portal\/wp-content\/uploads\/2209646001.jpg\",\"contentUrl\":\"https:\/\/www.tecidosexclusivos.com\/portal\/wp-content\/uploads\/2209646001.jpg\",\"width\":612,\"height\":816},{\"@type\":\"WebPage\",\"@id\":\"https:\/\/www.tecidosexclusivos.com\/portal\/product\/2209646001\/#webpage\",\"url\":\"https:\/\/www.tecidosexclusivos.com\/portal\/product\/2209646001\/\",\"name\":\"2209646001 - Tecidos Exclusivos | Com\\u00e9rcio de Tecidos para Confec\\u00e7\\u00e3o\",\"isPartOf\":{\"@id\":\"http:\/\/www.tecidosexclusivos.com\/portal\/#website\"},\"primaryImageOfPage\":{\"@id\":\"https:\/\/www.tecidosexclusivos.com\/portal\/product\/2209646001\/#primaryimage\"},\"datePublished\":\"2025-08-29T16:50:54+00:00\",\"dateModified\":\"2025-08-29T16:50:54+00:00\",\"breadcrumb\":{\"@id\":\"https:\/\/www.tecidosexclusivos.com\/portal\/product\/2209646001\/#breadcrumb\"},\"inLanguage\":\"pt-PT\",\"potentialAction\":[{\"@type\":\"ReadAction\",\"target\":[\"https:\/\/www.tecidosexclusivos.com\/portal\/product\/2209646001\/\"]}]},{\"@type\":\"BreadcrumbList\",\"@id\":\"https:\/\/www.tecidosexclusivos.com\/portal\/product\/2209646001\/#breadcrumb\",\"itemListElement\":[{\"@type\":\"ListItem\",\"position\":1,\"name\":\"Home\",\"item\":\"http:\/\/www.tecidosexclusivos.com\/portal\/\"},{\"@type\":\"ListItem\",\"position\":2,\"name\":\"Loja\",\"item\":\"http:\/\/www.tecidosexclusivos.com\/portal\/loja\/\"},{\"@type\":\"ListItem\",\"position\":3,\"name\":\"2209646001\"}]}]}<\/script>\n<!-- \/ Yoast SEO plugin. -->","yoast_head_json":{"title":"2209646001 - Tecidos Exclusivos | Com\u00e9rcio de Tecidos para Confec\u00e7\u00e3o","robots":{"index":"index","follow":"follow","max-snippet":"max-snippet:-1","max-image-preview":"max-image-preview:large","max-video-preview":"max-video-preview:-1"},"canonical":"https:\/\/www.tecidosexclusivos.com\/portal\/product\/2209646001\/","og_locale":"pt_PT","og_type":"article","og_title":"2209646001 - Tecidos Exclusivos | Com\u00e9rcio de Tecidos para Confec\u00e7\u00e3o","og_description":"Tipo: Malha Jacquard.  Elasticidade: Sim, devido ao elastano \u2192 d\u00e1 conforto e permite pe\u00e7as ajustadas.  Toque: Macio, com alguma estrutura mas sem ser r\u00edgido.  Caimento: M\u00e9dio, n\u00e3o \u00e9 totalmente fluido, mas acompanha o corpo.  \ud83c\udfaf Principais usos  Vestidos de cerim\u00f3nia (curtos ou m\u00e9dios, ajustados ao corpo ou evas\u00e9).  Vestidos casuais \u2192 o relevo d\u00e1 gra\u00e7a sem precisar de estampa.  Saias l\u00e1pis ou rodadas.  Blusas e t\u00fanicas mais estruturadas.","og_url":"https:\/\/www.tecidosexclusivos.com\/portal\/product\/2209646001\/","og_site_name":"Tecidos Exclusivos | Com\u00e9rcio de Tecidos para Confec\u00e7\u00e3o","og_image":[{"width":612,"height":816,"url":"http:\/\/www.tecidosexclusivos.com\/portal\/wp-content\/uploads\/2209646001.jpg","type":"image\/jpeg"}],"twitter_card":"summary_large_image","schema":{"@context":"https:\/\/schema.org","@graph":[{"@type":"WebSite","@id":"http:\/\/www.tecidosexclusivos.com\/portal\/#website","url":"http:\/\/www.tecidosexclusivos.com\/portal\/","name":"Tecidos Exclusivos | Com\u00e9rcio de Tecidos para Confec\u00e7\u00e3o","description":"Com\u00e9rcio de Tecidos para Confec\u00e7\u00e3o","potentialAction":[{"@type":"SearchAction","target":{"@type":"EntryPoint","urlTemplate":"http:\/\/www.tecidosexclusivos.com\/portal\/?s={search_term_string}"},"query-input":"required name=search_term_string"}],"inLanguage":"pt-PT"},{"@type":"ImageObject","@id":"https:\/\/www.tecidosexclusivos.com\/portal\/product\/2209646001\/#primaryimage","inLanguage":"pt-PT","url":"https:\/\/www.tecidosexclusivos.com\/portal\/wp-content\/uploads\/2209646001.jpg","contentUrl":"https:\/\/www.tecidosexclusivos.com\/portal\/wp-content\/uploads\/2209646001.jpg","width":612,"height":816},{"@type":"WebPage","@id":"https:\/\/www.tecidosexclusivos.com\/portal\/product\/2209646001\/#webpage","url":"https:\/\/www.tecidosexclusivos.com\/portal\/product\/2209646001\/","name":"2209646001 - Tecidos Exclusivos | Com\u00e9rcio de Tecidos para Confec\u00e7\u00e3o","isPartOf":{"@id":"http:\/\/www.tecidosexclusivos.com\/portal\/#website"},"primaryImageOfPage":{"@id":"https:\/\/www.tecidosexclusivos.com\/portal\/product\/2209646001\/#primaryimage"},"datePublished":"2025-08-29T16:50:54+00:00","dateModified":"2025-08-29T16:50:54+00:00","breadcrumb":{"@id":"https:\/\/www.tecidosexclusivos.com\/portal\/product\/2209646001\/#breadcrumb"},"inLanguage":"pt-PT","potentialAction":[{"@type":"ReadAction","target":["https:\/\/www.tecidosexclusivos.com\/portal\/product\/2209646001\/"]}]},{"@type":"BreadcrumbList","@id":"https:\/\/www.tecidosexclusivos.com\/portal\/product\/2209646001\/#breadcrumb","itemListElement":[{"@type":"ListItem","position":1,"name":"Home","item":"http:\/\/www.tecidosexclusivos.com\/portal\/"},{"@type":"ListItem","position":2,"name":"Loja","item":"http:\/\/www.tecidosexclusivos.com\/portal\/loja\/"},{"@type":"ListItem","position":3,"name":"2209646001"}]}]}},"_links":{"self":[{"href":"https:\/\/www.tecidosexclusivos.com\/portal\/wp-json\/wp\/v2\/product\/4839","targetHints":{"allow":["GET"]}}],"collection":[{"href":"https:\/\/www.tecidosexclusivos.com\/portal\/wp-json\/wp\/v2\/product"}],"about":[{"href":"https:\/\/www.tecidosexclusivos.com\/portal\/wp-json\/wp\/v2\/types\/product"}],"replies":[{"embeddable":true,"href":"https:\/\/www.tecidosexclusivos.com\/portal\/wp-json\/wp\/v2\/comments?post=4839"}],"wp:featuredmedia":[{"embeddable":true,"href":"https:\/\/www.tecidosexclusivos.com\/portal\/wp-json\/wp\/v2\/media\/4835"}],"wp:attachment":[{"href":"https:\/\/www.tecidosexclusivos.com\/portal\/wp-json\/wp\/v2\/media?parent=4839"}],"curies":[{"name":"wp","href":"https:\/\/api.w.org\/{rel}","templated":true}]}}