{"id":4917,"date":"2025-10-08T10:53:37","date_gmt":"2025-10-08T10:53:37","guid":{"rendered":"https:\/\/www.tecidosexclusivos.com\/portal\/?post_type=product&#038;p=4917"},"modified":"2025-12-03T09:25:06","modified_gmt":"2025-12-03T09:25:06","slug":"020","status":"publish","type":"product","link":"https:\/\/www.tecidosexclusivos.com\/portal\/product\/020\/","title":{"rendered":"020"},"content":{"rendered":"<p>REGULAMENTO:<br \/>\n1\u00ba &#8211; Todos os artigos de Promo\u00e7\u00e3o se destinam a venda ON LINE.<br \/>\n2\u00ba &#8211; S\u00e3o pedidos pelos contatos disponibilizados.<br \/>\n3\u00ba &#8211; N\u00e3o realizamos Confec\u00e7\u00e3o destes artigos, salvo exce\u00e7\u00e3o considerada.<br \/>\n4\u00ba &#8211; Enviamos somente em Portugal Continental.<br \/>\n5\u00ba &#8211; Todos os artigos s\u00e3o devidamente condicionados e enviados dentro de 24 a 48 Horas com acr\u00e9scimo 6\u20ac Portes.<br \/>\n6\u00ba &#8211; Poder\u00e3o ser levantados na Nossa loja sem custo de Portes<br \/>\n7\u00ba &#8211; No contacto do pedido nos informa a dire\u00e7\u00e3o para envio e NIF caso queiram a Factura com o mesmo.<br \/>\n8\u00ba &#8211; Depois de envio n\u00e3o aceitamos devolu\u00e7\u00e3o exceto algo que nos seja considerado.<br \/>\n9\u00ba &#8211; De acordo com a promo\u00e7\u00e3o n\u00e3o s\u00e3o sujeitos a outros descontos.<br \/>\n10\u00ba &#8211; N\u00e3o existe mais de que um artigo em stock.<br \/>\n11\u00ba &#8211; Derivado a pedidos quase simult\u00e2neos, poderemos n\u00e3o poder satisfazer o seu pedido.<\/p>\n","protected":false},"excerpt":{"rendered":"<p>Promo\u00e7\u00e3o Via ON LiNE para desocupar.<br \/>\nFa\u00e7a sei pedido atrav\u00e9s dos dados abaixo especificados.<br \/>\nEnviamos para todo Portugal Continental. Acresce portes de 6\u20ac<\/p>\n<p>Iniciamos Promo\u00e7\u00e3o para Desocupar.<\/p>\n<p>PODE REALIZAR OS SEUS PEDIDOS POR ( WATSAP OU TELEMOVEL 934951845 )<br \/>\nFACEBOOK: https:\/\/www.facebook.com\/tecidosexclusivo<\/p>\n","protected":false},"featured_media":4897,"comment_status":"closed","ping_status":"closed","template":"","meta":[],"class_list":{"0":"post-4917","1":"product","2":"type-product","3":"status-publish","4":"has-post-thumbnail","6":"product_cat-a-retalhos","8":"first","9":"instock","10":"sale","11":"shipping-taxable","12":"purchasable","13":"product-type-simple"},"yoast_head":"<!-- This site is optimized with the Yoast SEO plugin v17.9 - https:\/\/yoast.com\/wordpress\/plugins\/seo\/ -->\n<title>020 - Tecidos Exclusivos | Com\u00e9rcio de Tecidos para Confec\u00e7\u00e3o<\/title>\n<meta name=\"robots\" content=\"index, follow, max-snippet:-1, max-image-preview:large, max-video-preview:-1\" \/>\n<link rel=\"canonical\" href=\"https:\/\/www.tecidosexclusivos.com\/portal\/product\/020\/\" \/>\n<meta property=\"og:locale\" content=\"pt_PT\" \/>\n<meta property=\"og:type\" content=\"article\" \/>\n<meta property=\"og:title\" content=\"020 - Tecidos Exclusivos | Com\u00e9rcio de Tecidos para Confec\u00e7\u00e3o\" \/>\n<meta property=\"og:description\" content=\"Promo\u00e7\u00e3o Via ON LiNE para desocupar. Fa\u00e7a sei pedido atrav\u00e9s dos dados abaixo especificados. Enviamos para todo Portugal Continental. Acresce portes de 6\u20ac  Iniciamos Promo\u00e7\u00e3o para Desocupar.  PODE REALIZAR OS SEUS PEDIDOS POR ( WATSAP OU TELEMOVEL 934951845 ) FACEBOOK: https:\/\/www.facebook.com\/tecidosexclusivo\" \/>\n<meta property=\"og:url\" content=\"https:\/\/www.tecidosexclusivos.com\/portal\/product\/020\/\" \/>\n<meta property=\"og:site_name\" content=\"Tecidos Exclusivos | Com\u00e9rcio de Tecidos para Confec\u00e7\u00e3o\" \/>\n<meta property=\"article:modified_time\" content=\"2025-12-03T09:25:06+00:00\" \/>\n<meta property=\"og:image\" content=\"http:\/\/www.tecidosexclusivos.com\/portal\/wp-content\/uploads\/020.jpg\" \/>\n\t<meta property=\"og:image:width\" content=\"612\" \/>\n\t<meta property=\"og:image:height\" content=\"816\" \/>\n\t<meta property=\"og:image:type\" content=\"image\/jpeg\" \/>\n<meta name=\"twitter:card\" content=\"summary_large_image\" \/>\n<meta name=\"twitter:label1\" content=\"Tempo estimado de leitura\" \/>\n\t<meta name=\"twitter:data1\" content=\"1 minuto\" \/>\n<script type=\"application\/ld+json\" class=\"yoast-schema-graph\">{\"@context\":\"https:\/\/schema.org\",\"@graph\":[{\"@type\":\"WebSite\",\"@id\":\"http:\/\/www.tecidosexclusivos.com\/portal\/#website\",\"url\":\"http:\/\/www.tecidosexclusivos.com\/portal\/\",\"name\":\"Tecidos Exclusivos | Com\\u00e9rcio de Tecidos para Confec\\u00e7\\u00e3o\",\"description\":\"Com\\u00e9rcio de Tecidos para Confec\\u00e7\\u00e3o\",\"potentialAction\":[{\"@type\":\"SearchAction\",\"target\":{\"@type\":\"EntryPoint\",\"urlTemplate\":\"http:\/\/www.tecidosexclusivos.com\/portal\/?s={search_term_string}\"},\"query-input\":\"required name=search_term_string\"}],\"inLanguage\":\"pt-PT\"},{\"@type\":\"ImageObject\",\"@id\":\"https:\/\/www.tecidosexclusivos.com\/portal\/product\/020\/#primaryimage\",\"inLanguage\":\"pt-PT\",\"url\":\"https:\/\/www.tecidosexclusivos.com\/portal\/wp-content\/uploads\/020.jpg\",\"contentUrl\":\"https:\/\/www.tecidosexclusivos.com\/portal\/wp-content\/uploads\/020.jpg\",\"width\":612,\"height\":816},{\"@type\":\"WebPage\",\"@id\":\"https:\/\/www.tecidosexclusivos.com\/portal\/product\/020\/#webpage\",\"url\":\"https:\/\/www.tecidosexclusivos.com\/portal\/product\/020\/\",\"name\":\"020 - Tecidos Exclusivos | Com\\u00e9rcio de Tecidos para Confec\\u00e7\\u00e3o\",\"isPartOf\":{\"@id\":\"http:\/\/www.tecidosexclusivos.com\/portal\/#website\"},\"primaryImageOfPage\":{\"@id\":\"https:\/\/www.tecidosexclusivos.com\/portal\/product\/020\/#primaryimage\"},\"datePublished\":\"2025-10-08T10:53:37+00:00\",\"dateModified\":\"2025-12-03T09:25:06+00:00\",\"breadcrumb\":{\"@id\":\"https:\/\/www.tecidosexclusivos.com\/portal\/product\/020\/#breadcrumb\"},\"inLanguage\":\"pt-PT\",\"potentialAction\":[{\"@type\":\"ReadAction\",\"target\":[\"https:\/\/www.tecidosexclusivos.com\/portal\/product\/020\/\"]}]},{\"@type\":\"BreadcrumbList\",\"@id\":\"https:\/\/www.tecidosexclusivos.com\/portal\/product\/020\/#breadcrumb\",\"itemListElement\":[{\"@type\":\"ListItem\",\"position\":1,\"name\":\"Home\",\"item\":\"http:\/\/www.tecidosexclusivos.com\/portal\/\"},{\"@type\":\"ListItem\",\"position\":2,\"name\":\"Loja\",\"item\":\"http:\/\/www.tecidosexclusivos.com\/portal\/loja\/\"},{\"@type\":\"ListItem\",\"position\":3,\"name\":\"020\"}]}]}<\/script>\n<!-- \/ Yoast SEO plugin. -->","yoast_head_json":{"title":"020 - Tecidos Exclusivos | Com\u00e9rcio de Tecidos para Confec\u00e7\u00e3o","robots":{"index":"index","follow":"follow","max-snippet":"max-snippet:-1","max-image-preview":"max-image-preview:large","max-video-preview":"max-video-preview:-1"},"canonical":"https:\/\/www.tecidosexclusivos.com\/portal\/product\/020\/","og_locale":"pt_PT","og_type":"article","og_title":"020 - Tecidos Exclusivos | Com\u00e9rcio de Tecidos para Confec\u00e7\u00e3o","og_description":"Promo\u00e7\u00e3o Via ON LiNE para desocupar. Fa\u00e7a sei pedido atrav\u00e9s dos dados abaixo especificados. Enviamos para todo Portugal Continental. Acresce portes de 6\u20ac  Iniciamos Promo\u00e7\u00e3o para Desocupar.  PODE REALIZAR OS SEUS PEDIDOS POR ( WATSAP OU TELEMOVEL 934951845 ) FACEBOOK: https:\/\/www.facebook.com\/tecidosexclusivo","og_url":"https:\/\/www.tecidosexclusivos.com\/portal\/product\/020\/","og_site_name":"Tecidos Exclusivos | Com\u00e9rcio de Tecidos para Confec\u00e7\u00e3o","article_modified_time":"2025-12-03T09:25:06+00:00","og_image":[{"width":612,"height":816,"url":"http:\/\/www.tecidosexclusivos.com\/portal\/wp-content\/uploads\/020.jpg","type":"image\/jpeg"}],"twitter_card":"summary_large_image","twitter_misc":{"Tempo estimado de leitura":"1 minuto"},"schema":{"@context":"https:\/\/schema.org","@graph":[{"@type":"WebSite","@id":"http:\/\/www.tecidosexclusivos.com\/portal\/#website","url":"http:\/\/www.tecidosexclusivos.com\/portal\/","name":"Tecidos Exclusivos | Com\u00e9rcio de Tecidos para Confec\u00e7\u00e3o","description":"Com\u00e9rcio de Tecidos para Confec\u00e7\u00e3o","potentialAction":[{"@type":"SearchAction","target":{"@type":"EntryPoint","urlTemplate":"http:\/\/www.tecidosexclusivos.com\/portal\/?s={search_term_string}"},"query-input":"required name=search_term_string"}],"inLanguage":"pt-PT"},{"@type":"ImageObject","@id":"https:\/\/www.tecidosexclusivos.com\/portal\/product\/020\/#primaryimage","inLanguage":"pt-PT","url":"https:\/\/www.tecidosexclusivos.com\/portal\/wp-content\/uploads\/020.jpg","contentUrl":"https:\/\/www.tecidosexclusivos.com\/portal\/wp-content\/uploads\/020.jpg","width":612,"height":816},{"@type":"WebPage","@id":"https:\/\/www.tecidosexclusivos.com\/portal\/product\/020\/#webpage","url":"https:\/\/www.tecidosexclusivos.com\/portal\/product\/020\/","name":"020 - Tecidos Exclusivos | Com\u00e9rcio de Tecidos para Confec\u00e7\u00e3o","isPartOf":{"@id":"http:\/\/www.tecidosexclusivos.com\/portal\/#website"},"primaryImageOfPage":{"@id":"https:\/\/www.tecidosexclusivos.com\/portal\/product\/020\/#primaryimage"},"datePublished":"2025-10-08T10:53:37+00:00","dateModified":"2025-12-03T09:25:06+00:00","breadcrumb":{"@id":"https:\/\/www.tecidosexclusivos.com\/portal\/product\/020\/#breadcrumb"},"inLanguage":"pt-PT","potentialAction":[{"@type":"ReadAction","target":["https:\/\/www.tecidosexclusivos.com\/portal\/product\/020\/"]}]},{"@type":"BreadcrumbList","@id":"https:\/\/www.tecidosexclusivos.com\/portal\/product\/020\/#breadcrumb","itemListElement":[{"@type":"ListItem","position":1,"name":"Home","item":"http:\/\/www.tecidosexclusivos.com\/portal\/"},{"@type":"ListItem","position":2,"name":"Loja","item":"http:\/\/www.tecidosexclusivos.com\/portal\/loja\/"},{"@type":"ListItem","position":3,"name":"020"}]}]}},"_links":{"self":[{"href":"https:\/\/www.tecidosexclusivos.com\/portal\/wp-json\/wp\/v2\/product\/4917","targetHints":{"allow":["GET"]}}],"collection":[{"href":"https:\/\/www.tecidosexclusivos.com\/portal\/wp-json\/wp\/v2\/product"}],"about":[{"href":"https:\/\/www.tecidosexclusivos.com\/portal\/wp-json\/wp\/v2\/types\/product"}],"replies":[{"embeddable":true,"href":"https:\/\/www.tecidosexclusivos.com\/portal\/wp-json\/wp\/v2\/comments?post=4917"}],"wp:featuredmedia":[{"embeddable":true,"href":"https:\/\/www.tecidosexclusivos.com\/portal\/wp-json\/wp\/v2\/media\/4897"}],"wp:attachment":[{"href":"https:\/\/www.tecidosexclusivos.com\/portal\/wp-json\/wp\/v2\/media?parent=4917"}],"curies":[{"name":"wp","href":"https:\/\/api.w.org\/{rel}","templated":true}]}}