{"id":4994,"date":"2025-10-23T10:05:28","date_gmt":"2025-10-23T10:05:28","guid":{"rendered":"https:\/\/www.tecidosexclusivos.com\/portal\/?post_type=product&#038;p=4994"},"modified":"2025-10-23T10:05:28","modified_gmt":"2025-10-23T10:05:28","slug":"2204749000","status":"publish","type":"product","link":"https:\/\/www.tecidosexclusivos.com\/portal\/product\/2204749000\/","title":{"rendered":"2204749000"},"content":{"rendered":"<p>   PODE REALIZAR OS SEUS PEDIDOS POR ( WATSAP OU TELEMOVEL 934951845 )<br \/>\n                                      FACEBOOK: https:\/\/www.facebook.com\/tecidosexclusivo<\/p>\n","protected":false},"excerpt":{"rendered":"<p><img loading=\"lazy\" decoding=\"async\" src=\"http:\/\/www.tecidosexclusivos.com\/portal\/wp-content\/uploads\/2204749000-MANEQUIM-200x300.jpg\" alt=\"\" width=\"200\" height=\"300\" class=\"alignnone size-medium wp-image-4991\" srcset=\"https:\/\/www.tecidosexclusivos.com\/portal\/wp-content\/uploads\/2204749000-MANEQUIM-200x300.jpg 200w, https:\/\/www.tecidosexclusivos.com\/portal\/wp-content\/uploads\/2204749000-MANEQUIM-683x1024.jpg 683w, https:\/\/www.tecidosexclusivos.com\/portal\/wp-content\/uploads\/2204749000-MANEQUIM-768x1152.jpg 768w, https:\/\/www.tecidosexclusivos.com\/portal\/wp-content\/uploads\/2204749000-MANEQUIM-600x900.jpg 600w, https:\/\/www.tecidosexclusivos.com\/portal\/wp-content\/uploads\/2204749000-MANEQUIM.jpg 819w\" sizes=\"auto, (max-width: 200px) 100vw, 200px\" \/><\/p>\n<p>Brocado \u2014 um tecido geralmente encorpado, com padr\u00f5es em relevo criados por fios met\u00e1licos ou de cor contrastante.<\/p>\n<p>Textura: Levemente encorpada, com toque firme e estrutura est\u00e1vel.<\/p>\n<p>Acabamento: Brilho sutil devido aos fios met\u00e1licos entrela\u00e7ados, que criam um efeito luxuoso e elegante.<\/p>\n<p>Cor predominante: Branco ou creme com padr\u00e3o dourado discreto.<\/p>\n<p>Elasticidade: Baixa \u2014 n\u00e3o \u00e9 um tecido el\u00e1stico.<\/p>\n<p>Peso: M\u00e9dio a pesado \u2014 ideal para pe\u00e7as estruturadas.<\/p>\n<p>\ud83d\udc57 Aplica\u00e7\u00f5es Comuns<br \/>\nVestidos de festa e cerim\u00f3nia.<\/p>\n<p>Saias estruturadas<\/p>\n<p>Casacos curtos ou blazers<\/p>\n","protected":false},"featured_media":4992,"comment_status":"closed","ping_status":"closed","template":"","meta":[],"class_list":{"0":"post-4994","1":"product","2":"type-product","3":"status-publish","4":"has-post-thumbnail","6":"product_cat-brocado","8":"first","9":"instock","10":"shipping-taxable","11":"product-type-simple"},"yoast_head":"<!-- This site is optimized with the Yoast SEO plugin v17.9 - https:\/\/yoast.com\/wordpress\/plugins\/seo\/ -->\n<title>2204749000 - Tecidos Exclusivos | Com\u00e9rcio de Tecidos para Confec\u00e7\u00e3o<\/title>\n<meta name=\"robots\" content=\"index, follow, max-snippet:-1, max-image-preview:large, max-video-preview:-1\" \/>\n<link rel=\"canonical\" href=\"https:\/\/www.tecidosexclusivos.com\/portal\/product\/2204749000\/\" \/>\n<meta property=\"og:locale\" content=\"pt_PT\" \/>\n<meta property=\"og:type\" content=\"article\" \/>\n<meta property=\"og:title\" content=\"2204749000 - Tecidos Exclusivos | Com\u00e9rcio de Tecidos para Confec\u00e7\u00e3o\" \/>\n<meta property=\"og:description\" content=\"Brocado \u2014 um tecido geralmente encorpado, com padr\u00f5es em relevo criados por fios met\u00e1licos ou de cor contrastante.  Textura: Levemente encorpada, com toque firme e estrutura est\u00e1vel.  Acabamento: Brilho sutil devido aos fios met\u00e1licos entrela\u00e7ados, que criam um efeito luxuoso e elegante.  Cor predominante: Branco ou creme com padr\u00e3o dourado discreto.  Elasticidade: Baixa \u2014 n\u00e3o \u00e9 um tecido el\u00e1stico.  Peso: M\u00e9dio a pesado \u2014 ideal para pe\u00e7as estruturadas.  \ud83d\udc57 Aplica\u00e7\u00f5es Comuns Vestidos de festa e cerim\u00f3nia.  Saias estruturadas  Casacos curtos ou blazers\" \/>\n<meta property=\"og:url\" content=\"https:\/\/www.tecidosexclusivos.com\/portal\/product\/2204749000\/\" \/>\n<meta property=\"og:site_name\" content=\"Tecidos Exclusivos | Com\u00e9rcio de Tecidos para Confec\u00e7\u00e3o\" \/>\n<meta property=\"og:image\" content=\"http:\/\/www.tecidosexclusivos.com\/portal\/wp-content\/uploads\/2204749000-FOTO.jpg\" \/>\n\t<meta property=\"og:image:width\" content=\"612\" \/>\n\t<meta property=\"og:image:height\" content=\"816\" \/>\n\t<meta property=\"og:image:type\" content=\"image\/jpeg\" \/>\n<meta name=\"twitter:card\" content=\"summary_large_image\" \/>\n<script type=\"application\/ld+json\" class=\"yoast-schema-graph\">{\"@context\":\"https:\/\/schema.org\",\"@graph\":[{\"@type\":\"WebSite\",\"@id\":\"http:\/\/www.tecidosexclusivos.com\/portal\/#website\",\"url\":\"http:\/\/www.tecidosexclusivos.com\/portal\/\",\"name\":\"Tecidos Exclusivos | Com\\u00e9rcio de Tecidos para Confec\\u00e7\\u00e3o\",\"description\":\"Com\\u00e9rcio de Tecidos para Confec\\u00e7\\u00e3o\",\"potentialAction\":[{\"@type\":\"SearchAction\",\"target\":{\"@type\":\"EntryPoint\",\"urlTemplate\":\"http:\/\/www.tecidosexclusivos.com\/portal\/?s={search_term_string}\"},\"query-input\":\"required name=search_term_string\"}],\"inLanguage\":\"pt-PT\"},{\"@type\":\"ImageObject\",\"@id\":\"https:\/\/www.tecidosexclusivos.com\/portal\/product\/2204749000\/#primaryimage\",\"inLanguage\":\"pt-PT\",\"url\":\"https:\/\/www.tecidosexclusivos.com\/portal\/wp-content\/uploads\/2204749000-FOTO.jpg\",\"contentUrl\":\"https:\/\/www.tecidosexclusivos.com\/portal\/wp-content\/uploads\/2204749000-FOTO.jpg\",\"width\":612,\"height\":816},{\"@type\":\"WebPage\",\"@id\":\"https:\/\/www.tecidosexclusivos.com\/portal\/product\/2204749000\/#webpage\",\"url\":\"https:\/\/www.tecidosexclusivos.com\/portal\/product\/2204749000\/\",\"name\":\"2204749000 - Tecidos Exclusivos | Com\\u00e9rcio de Tecidos para Confec\\u00e7\\u00e3o\",\"isPartOf\":{\"@id\":\"http:\/\/www.tecidosexclusivos.com\/portal\/#website\"},\"primaryImageOfPage\":{\"@id\":\"https:\/\/www.tecidosexclusivos.com\/portal\/product\/2204749000\/#primaryimage\"},\"datePublished\":\"2025-10-23T10:05:28+00:00\",\"dateModified\":\"2025-10-23T10:05:28+00:00\",\"breadcrumb\":{\"@id\":\"https:\/\/www.tecidosexclusivos.com\/portal\/product\/2204749000\/#breadcrumb\"},\"inLanguage\":\"pt-PT\",\"potentialAction\":[{\"@type\":\"ReadAction\",\"target\":[\"https:\/\/www.tecidosexclusivos.com\/portal\/product\/2204749000\/\"]}]},{\"@type\":\"BreadcrumbList\",\"@id\":\"https:\/\/www.tecidosexclusivos.com\/portal\/product\/2204749000\/#breadcrumb\",\"itemListElement\":[{\"@type\":\"ListItem\",\"position\":1,\"name\":\"Home\",\"item\":\"http:\/\/www.tecidosexclusivos.com\/portal\/\"},{\"@type\":\"ListItem\",\"position\":2,\"name\":\"Loja\",\"item\":\"http:\/\/www.tecidosexclusivos.com\/portal\/loja\/\"},{\"@type\":\"ListItem\",\"position\":3,\"name\":\"2204749000\"}]}]}<\/script>\n<!-- \/ Yoast SEO plugin. -->","yoast_head_json":{"title":"2204749000 - Tecidos Exclusivos | Com\u00e9rcio de Tecidos para Confec\u00e7\u00e3o","robots":{"index":"index","follow":"follow","max-snippet":"max-snippet:-1","max-image-preview":"max-image-preview:large","max-video-preview":"max-video-preview:-1"},"canonical":"https:\/\/www.tecidosexclusivos.com\/portal\/product\/2204749000\/","og_locale":"pt_PT","og_type":"article","og_title":"2204749000 - Tecidos Exclusivos | Com\u00e9rcio de Tecidos para Confec\u00e7\u00e3o","og_description":"Brocado \u2014 um tecido geralmente encorpado, com padr\u00f5es em relevo criados por fios met\u00e1licos ou de cor contrastante.  Textura: Levemente encorpada, com toque firme e estrutura est\u00e1vel.  Acabamento: Brilho sutil devido aos fios met\u00e1licos entrela\u00e7ados, que criam um efeito luxuoso e elegante.  Cor predominante: Branco ou creme com padr\u00e3o dourado discreto.  Elasticidade: Baixa \u2014 n\u00e3o \u00e9 um tecido el\u00e1stico.  Peso: M\u00e9dio a pesado \u2014 ideal para pe\u00e7as estruturadas.  \ud83d\udc57 Aplica\u00e7\u00f5es Comuns Vestidos de festa e cerim\u00f3nia.  Saias estruturadas  Casacos curtos ou blazers","og_url":"https:\/\/www.tecidosexclusivos.com\/portal\/product\/2204749000\/","og_site_name":"Tecidos Exclusivos | Com\u00e9rcio de Tecidos para Confec\u00e7\u00e3o","og_image":[{"width":612,"height":816,"url":"http:\/\/www.tecidosexclusivos.com\/portal\/wp-content\/uploads\/2204749000-FOTO.jpg","type":"image\/jpeg"}],"twitter_card":"summary_large_image","schema":{"@context":"https:\/\/schema.org","@graph":[{"@type":"WebSite","@id":"http:\/\/www.tecidosexclusivos.com\/portal\/#website","url":"http:\/\/www.tecidosexclusivos.com\/portal\/","name":"Tecidos Exclusivos | Com\u00e9rcio de Tecidos para Confec\u00e7\u00e3o","description":"Com\u00e9rcio de Tecidos para Confec\u00e7\u00e3o","potentialAction":[{"@type":"SearchAction","target":{"@type":"EntryPoint","urlTemplate":"http:\/\/www.tecidosexclusivos.com\/portal\/?s={search_term_string}"},"query-input":"required name=search_term_string"}],"inLanguage":"pt-PT"},{"@type":"ImageObject","@id":"https:\/\/www.tecidosexclusivos.com\/portal\/product\/2204749000\/#primaryimage","inLanguage":"pt-PT","url":"https:\/\/www.tecidosexclusivos.com\/portal\/wp-content\/uploads\/2204749000-FOTO.jpg","contentUrl":"https:\/\/www.tecidosexclusivos.com\/portal\/wp-content\/uploads\/2204749000-FOTO.jpg","width":612,"height":816},{"@type":"WebPage","@id":"https:\/\/www.tecidosexclusivos.com\/portal\/product\/2204749000\/#webpage","url":"https:\/\/www.tecidosexclusivos.com\/portal\/product\/2204749000\/","name":"2204749000 - Tecidos Exclusivos | Com\u00e9rcio de Tecidos para Confec\u00e7\u00e3o","isPartOf":{"@id":"http:\/\/www.tecidosexclusivos.com\/portal\/#website"},"primaryImageOfPage":{"@id":"https:\/\/www.tecidosexclusivos.com\/portal\/product\/2204749000\/#primaryimage"},"datePublished":"2025-10-23T10:05:28+00:00","dateModified":"2025-10-23T10:05:28+00:00","breadcrumb":{"@id":"https:\/\/www.tecidosexclusivos.com\/portal\/product\/2204749000\/#breadcrumb"},"inLanguage":"pt-PT","potentialAction":[{"@type":"ReadAction","target":["https:\/\/www.tecidosexclusivos.com\/portal\/product\/2204749000\/"]}]},{"@type":"BreadcrumbList","@id":"https:\/\/www.tecidosexclusivos.com\/portal\/product\/2204749000\/#breadcrumb","itemListElement":[{"@type":"ListItem","position":1,"name":"Home","item":"http:\/\/www.tecidosexclusivos.com\/portal\/"},{"@type":"ListItem","position":2,"name":"Loja","item":"http:\/\/www.tecidosexclusivos.com\/portal\/loja\/"},{"@type":"ListItem","position":3,"name":"2204749000"}]}]}},"_links":{"self":[{"href":"https:\/\/www.tecidosexclusivos.com\/portal\/wp-json\/wp\/v2\/product\/4994","targetHints":{"allow":["GET"]}}],"collection":[{"href":"https:\/\/www.tecidosexclusivos.com\/portal\/wp-json\/wp\/v2\/product"}],"about":[{"href":"https:\/\/www.tecidosexclusivos.com\/portal\/wp-json\/wp\/v2\/types\/product"}],"replies":[{"embeddable":true,"href":"https:\/\/www.tecidosexclusivos.com\/portal\/wp-json\/wp\/v2\/comments?post=4994"}],"wp:featuredmedia":[{"embeddable":true,"href":"https:\/\/www.tecidosexclusivos.com\/portal\/wp-json\/wp\/v2\/media\/4992"}],"wp:attachment":[{"href":"https:\/\/www.tecidosexclusivos.com\/portal\/wp-json\/wp\/v2\/media?parent=4994"}],"curies":[{"name":"wp","href":"https:\/\/api.w.org\/{rel}","templated":true}]}}